{"id":251,"date":"2022-11-09T00:19:58","date_gmt":"2022-11-09T00:19:58","guid":{"rendered":"https:\/\/coleccionismomusicaycine.com\/?page_id=251"},"modified":"2026-03-31T18:48:41","modified_gmt":"2026-03-31T18:48:41","slug":"terminos-y-condiciones-de-compra","status":"publish","type":"page","link":"https:\/\/coleccionismomusicaycine.com\/?page_id=251","title":{"rendered":"T\u00e9rminos y condiciones de compra"},"content":{"rendered":"\n<p>Para la compra de los art\u00edculos que se ofrecen en esta web, lea y acepte los siguientes T\u00e9rminos y Condiciones que a continuaci\u00f3n se redactan. La compra de nuestros art\u00edculos\u00a0implicar\u00e1 que usted ha le\u00eddo y aceptado los T\u00e9rminos y Condiciones de Uso en el presente documento. Para adquirir un\u00a0art\u00edculo, ser\u00e1 necesario el registro por parte del usuario, con datos personales fidedignos y una contrase\u00f1a.<\/p>\n\n\n\n<p>El usuario puede seleccionar y cambiar la clave para su acceso de administraci\u00f3n de la cuenta. COLECCIONISMO M\u00daSICA\u00a0Y CINE no asume la responsabilidad en caso de que entregue dicha clave a otras personas.<\/p>\n\n\n\n<p>Todas las compras en este sitio web, est\u00e1n sujetas a un proceso de confirmaci\u00f3n y verificaci\u00f3n, el cual podr\u00eda incluir la verificaci\u00f3n del stock y disponibilidad del art\u00edculo, validaci\u00f3n de la forma de pago y el cumplimiento de las condiciones requeridas por el medio de pago seleccionado. En algunos casos puede que se requiera una verificaci\u00f3n por email.<\/p>\n\n\n\n<p>Los precios de los art\u00edculos y de env\u00edo ofrecidos en esta Tienda Online son v\u00e1lidos solo en las compras realizadas en esta web.<\/p>\n\n\n\n<p>Solo atendemos pedidos superiores a 100 euros mas gastos de envio con estos precios de env\u00edo, si la compra es m\u00ednima los gastos de env\u00edo suben al doble o al triple de lo estipulado dependiendo del importe de la compra y de la zona de env\u00edo. <\/p>\n\n\n\n<p>GASTOS DE ENV\u00cdO EN PEN\u00cdNSULA DE ESPA\u00d1A HASTA 1 KILO: 10 EUROS.<\/p>\n\n\n\n<p>GASTOS DE ENV\u00cdO FUERA DE PEN\u00cdNSULA DE ESPA\u00d1A HASTA 1 KILO: 20 EUROS.<\/p>\n\n\n\n<p>GASTOS DE ENV\u00cdO EN EUROPA HASTA 1 KILO: 30 EUROS.<\/p>\n\n\n\n<p>GASTOS DE ENV\u00cdO FUERA DE EUROPA HASTA 1 KILO: 50 EUROS.<\/p>\n\n\n\n<p>Los gastos de env\u00edo se calculan en funci\u00f3n del peso y de la zona de env\u00edo, el medio de pago ser\u00e1 mediante bizum, transferencia bancaria, money gram o western union.  Aceptamos pago por paypal con el incremento del 10% de comisi\u00f3n.<\/p>\n\n\n\n<p><\/p>\n\n\n\n<p>COLECCIONISMO M\u00daSICA\u00a0Y CINE no se responsabiliza de gastos extras tales como pago de aduanas y otros impuestos que los usuarios compradores tengan que pagar para recibir los art\u00edculos\u00a0en Islas canarias, Ceuta, Melilla, Baleares o cualquier pa\u00eds.<\/p>\n\n\n\n<p><\/p>\n","protected":false},"excerpt":{"rendered":"<p>Para la compra de los art\u00edculos que se ofrecen en esta web, lea y acepte los siguientes T\u00e9rminos y Condiciones que a continuaci\u00f3n se redactan. La compra de nuestros art\u00edculos\u00a0implicar\u00e1 que usted ha le\u00eddo y aceptado los T\u00e9rminos y Condiciones de Uso en el presente documento. Para adquirir un\u00a0art\u00edculo, ser\u00e1 necesario el registro por parte [&hellip;]<\/p>\n","protected":false},"author":1,"featured_media":0,"parent":0,"menu_order":0,"comment_status":"closed","ping_status":"closed","template":"","meta":{"footnotes":""},"class_list":["post-251","page","type-page","status-publish","hentry"],"_links":{"self":[{"href":"https:\/\/coleccionismomusicaycine.com\/index.php?rest_route=\/wp\/v2\/pages\/251","targetHints":{"allow":["GET"]}}],"collection":[{"href":"https:\/\/coleccionismomusicaycine.com\/index.php?rest_route=\/wp\/v2\/pages"}],"about":[{"href":"https:\/\/coleccionismomusicaycine.com\/index.php?rest_route=\/wp\/v2\/types\/page"}],"author":[{"embeddable":true,"href":"https:\/\/coleccionismomusicaycine.com\/index.php?rest_route=\/wp\/v2\/users\/1"}],"replies":[{"embeddable":true,"href":"https:\/\/coleccionismomusicaycine.com\/index.php?rest_route=%2Fwp%2Fv2%2Fcomments&post=251"}],"version-history":[{"count":21,"href":"https:\/\/coleccionismomusicaycine.com\/index.php?rest_route=\/wp\/v2\/pages\/251\/revisions"}],"predecessor-version":[{"id":7057,"href":"https:\/\/coleccionismomusicaycine.com\/index.php?rest_route=\/wp\/v2\/pages\/251\/revisions\/7057"}],"wp:attachment":[{"href":"https:\/\/coleccionismomusicaycine.com\/index.php?rest_route=%2Fwp%2Fv2%2Fmedia&parent=251"}],"curies":[{"name":"wp","href":"https:\/\/api.w.org\/{rel}","templated":true}]}}