{"id":253,"date":"2022-11-09T00:36:52","date_gmt":"2022-11-09T00:36:52","guid":{"rendered":"https:\/\/coleccionismomusicaycine.com\/?page_id=253"},"modified":"2022-11-09T00:42:38","modified_gmt":"2022-11-09T00:42:38","slug":"sobre-nosotros","status":"publish","type":"page","link":"https:\/\/coleccionismomusicaycine.com\/?page_id=253","title":{"rendered":"Sobre nosotros"},"content":{"rendered":"\n<p><strong>COLECCIONISMO MUSICA\u00a0Y CINE<\/strong> tiene el compromiso de que usted reciba en su domicilio el art\u00edculo o los art\u00edculos solicitados lo mas\u00a0r\u00e1pidamente\u00a0posible tanto en env\u00edos\u00a0nacionales como en env\u00edos internacionales y con el m\u00e1ximo cuidado en el embalaje del mismo para que le llegue en excelentes condiciones.<\/p>\n\n\n\n<p>La gran mayor\u00eda de nuestros art\u00edculos son precintados de fabrica o en excelentes condiciones nuevos o seminuevos, aunque son pocos los art\u00edculos de segunda mano que tenemos le damos la garant\u00eda de que han sido comprobados antes de su env\u00edo y funcionan correctamente.<\/p>\n\n\n\n<p><strong>No se admite devoluciones<\/strong> de art\u00edculos <strong>ni devoluciones de dinero<\/strong> de los art\u00edculos por lo cual deben de tenerlo en cuenta antes de comprar que est\u00e9n seguros de comprar los art\u00edculos antes de realizar el pago.<\/p>\n\n\n\n<p><strong>Gracias por confiar en nosotros y esperemos que tengan una buena experiencia para\u00a0 recomendarnos a sus familiares y amigos<\/strong>.<\/p>\n","protected":false},"excerpt":{"rendered":"<p>COLECCIONISMO MUSICA\u00a0Y CINE tiene el compromiso de que usted reciba en su domicilio el art\u00edculo o los art\u00edculos solicitados lo mas\u00a0r\u00e1pidamente\u00a0posible tanto en env\u00edos\u00a0nacionales como en env\u00edos internacionales y con el m\u00e1ximo cuidado en el embalaje del mismo para que le llegue en excelentes condiciones. La gran mayor\u00eda de nuestros art\u00edculos son precintados de fabrica [&hellip;]<\/p>\n","protected":false},"author":1,"featured_media":0,"parent":0,"menu_order":0,"comment_status":"closed","ping_status":"closed","template":"","meta":{"footnotes":""},"class_list":["post-253","page","type-page","status-publish","hentry"],"_links":{"self":[{"href":"https:\/\/coleccionismomusicaycine.com\/index.php?rest_route=\/wp\/v2\/pages\/253","targetHints":{"allow":["GET"]}}],"collection":[{"href":"https:\/\/coleccionismomusicaycine.com\/index.php?rest_route=\/wp\/v2\/pages"}],"about":[{"href":"https:\/\/coleccionismomusicaycine.com\/index.php?rest_route=\/wp\/v2\/types\/page"}],"author":[{"embeddable":true,"href":"https:\/\/coleccionismomusicaycine.com\/index.php?rest_route=\/wp\/v2\/users\/1"}],"replies":[{"embeddable":true,"href":"https:\/\/coleccionismomusicaycine.com\/index.php?rest_route=%2Fwp%2Fv2%2Fcomments&post=253"}],"version-history":[{"count":3,"href":"https:\/\/coleccionismomusicaycine.com\/index.php?rest_route=\/wp\/v2\/pages\/253\/revisions"}],"predecessor-version":[{"id":256,"href":"https:\/\/coleccionismomusicaycine.com\/index.php?rest_route=\/wp\/v2\/pages\/253\/revisions\/256"}],"wp:attachment":[{"href":"https:\/\/coleccionismomusicaycine.com\/index.php?rest_route=%2Fwp%2Fv2%2Fmedia&parent=253"}],"curies":[{"name":"wp","href":"https:\/\/api.w.org\/{rel}","templated":true}]}}