{"id":1074,"date":"2024-09-24T17:01:35","date_gmt":"2024-09-24T17:01:35","guid":{"rendered":"https:\/\/coleccionismomusicaycine.com\/?post_type=product&#038;p=1074"},"modified":"2025-05-31T08:10:17","modified_gmt":"2025-05-31T08:10:17","slug":"dvd-expediente-39-renee-zellweger-sealed-aquitienesloquebuscas-com-2","status":"publish","type":"product","link":"https:\/\/coleccionismomusicaycine.com\/?product=dvd-expediente-39-renee-zellweger-sealed-aquitienesloquebuscas-com-2","title":{"rendered":"DVD EXPEDIENTE 39 REN\u00c9E ZELLWEGER AQUITIENESLOQUEBUSCAS.COM"},"content":{"rendered":"<p>WWW.AQUITIENESLOQUEBUSCAS.COM<\/p>\n<p>UNA COMBINACI\u00d3N EXPLOSIVA LA TENSI\u00d3N DEL ORFANATO<br \/>\nY EL TERROR DE EL EXORCISTA SEG\u00daN INTERFILMS.<br \/>\nCON BRADLEY COOPER DE RESAC\u00d3N EN LAS VEGAS.<\/p>\n<p>DVD CON MUCHAS SE\u00d1ALES DE USO PERO SE REPRODUCE CORRECTAMENTE.<br \/>\nCAJA CASI COMO NUEVA. LA IMAGEN ES SOLO RELEVANTE DEL ART\u00cdCULO.<\/p>\n","protected":false},"excerpt":{"rendered":"<p>WWW.AQUITIENESLOQUEBUSCAS.COM UNA COMBINACI\u00d3N EXPLOSIVA LA TENSI\u00d3N DEL ORFANATO Y EL TERROR DE EL EXORCISTA SEG\u00daN INTERFILMS. CON BRADLEY COOPER DE RESAC\u00d3N EN LAS VEGAS. DVD CON MUCHAS SE\u00d1ALES DE USO PERO SE REPRODUCE CORRECTAMENTE. CAJA CASI COMO NUEVA. LA IMAGEN ES SOLO RELEVANTE DEL ART\u00cdCULO.<\/p>\n","protected":false},"featured_media":1073,"comment_status":"closed","ping_status":"closed","template":"","meta":[],"product_brand":[],"product_cat":[17,26],"product_tag":[],"class_list":{"0":"post-1074","1":"product","2":"type-product","3":"status-publish","4":"has-post-thumbnail","6":"product_cat-cine","7":"product_cat-dvds-cine","9":"first","10":"outofstock","11":"shipping-taxable","12":"purchasable","13":"product-type-simple"},"_links":{"self":[{"href":"https:\/\/coleccionismomusicaycine.com\/index.php?rest_route=\/wp\/v2\/product\/1074","targetHints":{"allow":["GET"]}}],"collection":[{"href":"https:\/\/coleccionismomusicaycine.com\/index.php?rest_route=\/wp\/v2\/product"}],"about":[{"href":"https:\/\/coleccionismomusicaycine.com\/index.php?rest_route=\/wp\/v2\/types\/product"}],"replies":[{"embeddable":true,"href":"https:\/\/coleccionismomusicaycine.com\/index.php?rest_route=%2Fwp%2Fv2%2Fcomments&post=1074"}],"wp:featuredmedia":[{"embeddable":true,"href":"https:\/\/coleccionismomusicaycine.com\/index.php?rest_route=\/wp\/v2\/media\/1073"}],"wp:attachment":[{"href":"https:\/\/coleccionismomusicaycine.com\/index.php?rest_route=%2Fwp%2Fv2%2Fmedia&parent=1074"}],"wp:term":[{"taxonomy":"product_brand","embeddable":true,"href":"https:\/\/coleccionismomusicaycine.com\/index.php?rest_route=%2Fwp%2Fv2%2Fproduct_brand&post=1074"},{"taxonomy":"product_cat","embeddable":true,"href":"https:\/\/coleccionismomusicaycine.com\/index.php?rest_route=%2Fwp%2Fv2%2Fproduct_cat&post=1074"},{"taxonomy":"product_tag","embeddable":true,"href":"https:\/\/coleccionismomusicaycine.com\/index.php?rest_route=%2Fwp%2Fv2%2Fproduct_tag&post=1074"}],"curies":[{"name":"wp","href":"https:\/\/api.w.org\/{rel}","templated":true}]}}