{"id":1308,"date":"2024-10-26T17:42:05","date_gmt":"2024-10-26T17:42:05","guid":{"rendered":"https:\/\/coleccionismomusicaycine.com\/?post_type=product&#038;p=1308"},"modified":"2025-03-27T13:12:22","modified_gmt":"2025-03-27T13:12:22","slug":"dvd-promocion-fantasma-spanish-scary-movie-www-aquitienesloquebuscas-com-almeria","status":"publish","type":"product","link":"https:\/\/coleccionismomusicaycine.com\/?product=dvd-promocion-fantasma-spanish-scary-movie-www-aquitienesloquebuscas-com-almeria","title":{"rendered":"DVD PROMOCI\u00d3N FANTASMA SPANISH SCARY MOVIE WWW.AQUITIENESLOQUEBUSCAS.COM ALMERIA"},"content":{"rendered":"<p>WWW.AQUITIENESLOQUEBUSCAS.COM<\/p>\n<p>RA\u00daL AR\u00c9VALO ALEXANDRA JIM\u00c9NEZ JAVIER BOD\u00c1LO<br \/>\nANNA CASTILLO ANDREA DURO AURA GARRIDO<br \/>\nALEX MARUNY JAIME OL\u00cdAS CARLOS ARECES SILVIA ABRIL<br \/>\nJOAQU\u00cdN REYES ELENA IRURETA LUIS VALERA ECT\u2026.<\/p>\n<p>PEL\u00cdCULA MUY DIVERTIDA.<\/p>\n<p>DVD CON SE\u00d1ALES DE USO Y CAJA CASI COMO NUEVA.<\/p>\n","protected":false},"excerpt":{"rendered":"<p>WWW.AQUITIENESLOQUEBUSCAS.COM RA\u00daL AR\u00c9VALO ALEXANDRA JIM\u00c9NEZ JAVIER BOD\u00c1LO ANNA CASTILLO ANDREA DURO AURA GARRIDO ALEX MARUNY JAIME OL\u00cdAS CARLOS ARECES SILVIA ABRIL JOAQU\u00cdN REYES ELENA IRURETA LUIS VALERA ECT\u2026. PEL\u00cdCULA MUY DIVERTIDA. DVD CON SE\u00d1ALES DE USO Y CAJA CASI COMO NUEVA.<\/p>\n","protected":false},"featured_media":1309,"comment_status":"closed","ping_status":"closed","template":"","meta":[],"product_brand":[],"product_cat":[17,26],"product_tag":[],"class_list":{"0":"post-1308","1":"product","2":"type-product","3":"status-publish","4":"has-post-thumbnail","6":"product_cat-cine","7":"product_cat-dvds-cine","9":"first","10":"instock","11":"shipping-taxable","12":"purchasable","13":"product-type-simple"},"_links":{"self":[{"href":"https:\/\/coleccionismomusicaycine.com\/index.php?rest_route=\/wp\/v2\/product\/1308","targetHints":{"allow":["GET"]}}],"collection":[{"href":"https:\/\/coleccionismomusicaycine.com\/index.php?rest_route=\/wp\/v2\/product"}],"about":[{"href":"https:\/\/coleccionismomusicaycine.com\/index.php?rest_route=\/wp\/v2\/types\/product"}],"replies":[{"embeddable":true,"href":"https:\/\/coleccionismomusicaycine.com\/index.php?rest_route=%2Fwp%2Fv2%2Fcomments&post=1308"}],"wp:featuredmedia":[{"embeddable":true,"href":"https:\/\/coleccionismomusicaycine.com\/index.php?rest_route=\/wp\/v2\/media\/1309"}],"wp:attachment":[{"href":"https:\/\/coleccionismomusicaycine.com\/index.php?rest_route=%2Fwp%2Fv2%2Fmedia&parent=1308"}],"wp:term":[{"taxonomy":"product_brand","embeddable":true,"href":"https:\/\/coleccionismomusicaycine.com\/index.php?rest_route=%2Fwp%2Fv2%2Fproduct_brand&post=1308"},{"taxonomy":"product_cat","embeddable":true,"href":"https:\/\/coleccionismomusicaycine.com\/index.php?rest_route=%2Fwp%2Fv2%2Fproduct_cat&post=1308"},{"taxonomy":"product_tag","embeddable":true,"href":"https:\/\/coleccionismomusicaycine.com\/index.php?rest_route=%2Fwp%2Fv2%2Fproduct_tag&post=1308"}],"curies":[{"name":"wp","href":"https:\/\/api.w.org\/{rel}","templated":true}]}}