{"id":1352,"date":"2024-10-27T13:51:53","date_gmt":"2024-10-27T13:51:53","guid":{"rendered":"https:\/\/coleccionismomusicaycine.com\/?post_type=product&#038;p=1352"},"modified":"2025-10-02T09:56:03","modified_gmt":"2025-10-02T09:56:03","slug":"dvd-emmanuelle-en-venecia-sylvia-kristel-sealed-www-aquitienesloquebuscas-com","status":"publish","type":"product","link":"https:\/\/coleccionismomusicaycine.com\/?product=dvd-emmanuelle-en-venecia-sylvia-kristel-sealed-www-aquitienesloquebuscas-com","title":{"rendered":"DVD EMMANUELLE EN VENECIA SYLVIA KRISTEL SEALED WWW.AQUITIENESLOQUEBUSCAS.COM"},"content":{"rendered":"<p>WWW.AQUITIENESLOQUEBUSCAS.COM<\/p>\n<p>SEALED. PRECINTADO. REGI\u00d3N 2.<\/p>\n<p>IDIOMAS: INGL\u00c9S Y CASTELLANO.<\/p>\n<p>EMMANUELLE EN VENECIA SYLVIA KRISTEL<br \/>\nMARCELA WALERSTEIN GEORGE LAZENBY<br \/>\nJOEL BUI \u2026\u2026\u2026\u2026..<\/p>\n<p>DIRECTOR: FRANCIS LEROI<br \/>\nGUI\u00d3N DE: EMMANUELLE ARSAN ALAIN SIRITZKY<br \/>\nJEAN MARC VASSEUR.<\/p>\n<p>M\u00daSICA DE PIERRE BACHELET<br \/>\nFOTOGRAF\u00cdA: DENIS ROUDEN<\/p>\n","protected":false},"excerpt":{"rendered":"<p>WWW.AQUITIENESLOQUEBUSCAS.COM SEALED. PRECINTADO. REGI\u00d3N 2. IDIOMAS: INGL\u00c9S Y CASTELLANO. EMMANUELLE EN VENECIA SYLVIA KRISTEL MARCELA WALERSTEIN GEORGE LAZENBY JOEL BUI \u2026\u2026\u2026\u2026.. DIRECTOR: FRANCIS LEROI GUI\u00d3N DE: EMMANUELLE ARSAN ALAIN SIRITZKY JEAN MARC VASSEUR. M\u00daSICA DE PIERRE BACHELET FOTOGRAF\u00cdA: DENIS ROUDEN<\/p>\n","protected":false},"featured_media":1353,"comment_status":"closed","ping_status":"closed","template":"","meta":[],"product_brand":[],"product_cat":[16,19],"product_tag":[],"class_list":{"0":"post-1352","1":"product","2":"type-product","3":"status-publish","4":"has-post-thumbnail","6":"product_cat-coleccionismo","7":"product_cat-coleccionismo-coleccionismo","9":"first","10":"instock","11":"shipping-taxable","12":"purchasable","13":"product-type-simple"},"_links":{"self":[{"href":"https:\/\/coleccionismomusicaycine.com\/index.php?rest_route=\/wp\/v2\/product\/1352","targetHints":{"allow":["GET"]}}],"collection":[{"href":"https:\/\/coleccionismomusicaycine.com\/index.php?rest_route=\/wp\/v2\/product"}],"about":[{"href":"https:\/\/coleccionismomusicaycine.com\/index.php?rest_route=\/wp\/v2\/types\/product"}],"replies":[{"embeddable":true,"href":"https:\/\/coleccionismomusicaycine.com\/index.php?rest_route=%2Fwp%2Fv2%2Fcomments&post=1352"}],"wp:featuredmedia":[{"embeddable":true,"href":"https:\/\/coleccionismomusicaycine.com\/index.php?rest_route=\/wp\/v2\/media\/1353"}],"wp:attachment":[{"href":"https:\/\/coleccionismomusicaycine.com\/index.php?rest_route=%2Fwp%2Fv2%2Fmedia&parent=1352"}],"wp:term":[{"taxonomy":"product_brand","embeddable":true,"href":"https:\/\/coleccionismomusicaycine.com\/index.php?rest_route=%2Fwp%2Fv2%2Fproduct_brand&post=1352"},{"taxonomy":"product_cat","embeddable":true,"href":"https:\/\/coleccionismomusicaycine.com\/index.php?rest_route=%2Fwp%2Fv2%2Fproduct_cat&post=1352"},{"taxonomy":"product_tag","embeddable":true,"href":"https:\/\/coleccionismomusicaycine.com\/index.php?rest_route=%2Fwp%2Fv2%2Fproduct_tag&post=1352"}],"curies":[{"name":"wp","href":"https:\/\/api.w.org\/{rel}","templated":true}]}}