{"id":1898,"date":"2024-12-31T08:24:22","date_gmt":"2024-12-31T08:24:22","guid":{"rendered":"https:\/\/coleccionismomusicaycine.com\/?post_type=product&#038;p=1898"},"modified":"2025-04-21T17:40:41","modified_gmt":"2025-04-21T17:40:41","slug":"revista-libro-playboy-edicion-para-coleccionistas-agosto-1983-bo-derek-sus-mejores","status":"publish","type":"product","link":"https:\/\/coleccionismomusicaycine.com\/?product=revista-libro-playboy-edicion-para-coleccionistas-agosto-1983-bo-derek-sus-mejores","title":{"rendered":"REVISTA LIBRO PLAYBOY EDICI\u00d3N PARA COLECCIONISTAS AGOSTO 1983 BO DEREK SUS MEJORES"},"content":{"rendered":"<p>CON SE\u00d1ALES DE USO PERO EN MUY BUEN ESTADO DE CONSERVACI\u00d3N.<\/p>\n","protected":false},"excerpt":{"rendered":"<p>CON SE\u00d1ALES DE USO PERO EN MUY BUEN ESTADO DE CONSERVACI\u00d3N.<\/p>\n","protected":false},"featured_media":1899,"comment_status":"closed","ping_status":"closed","template":"","meta":[],"product_brand":[],"product_cat":[16,20],"product_tag":[],"class_list":{"0":"post-1898","1":"product","2":"type-product","3":"status-publish","4":"has-post-thumbnail","6":"product_cat-coleccionismo","7":"product_cat-otros-articulos","9":"first","10":"instock","11":"shipping-taxable","12":"purchasable","13":"product-type-simple"},"_links":{"self":[{"href":"https:\/\/coleccionismomusicaycine.com\/index.php?rest_route=\/wp\/v2\/product\/1898","targetHints":{"allow":["GET"]}}],"collection":[{"href":"https:\/\/coleccionismomusicaycine.com\/index.php?rest_route=\/wp\/v2\/product"}],"about":[{"href":"https:\/\/coleccionismomusicaycine.com\/index.php?rest_route=\/wp\/v2\/types\/product"}],"replies":[{"embeddable":true,"href":"https:\/\/coleccionismomusicaycine.com\/index.php?rest_route=%2Fwp%2Fv2%2Fcomments&post=1898"}],"wp:featuredmedia":[{"embeddable":true,"href":"https:\/\/coleccionismomusicaycine.com\/index.php?rest_route=\/wp\/v2\/media\/1899"}],"wp:attachment":[{"href":"https:\/\/coleccionismomusicaycine.com\/index.php?rest_route=%2Fwp%2Fv2%2Fmedia&parent=1898"}],"wp:term":[{"taxonomy":"product_brand","embeddable":true,"href":"https:\/\/coleccionismomusicaycine.com\/index.php?rest_route=%2Fwp%2Fv2%2Fproduct_brand&post=1898"},{"taxonomy":"product_cat","embeddable":true,"href":"https:\/\/coleccionismomusicaycine.com\/index.php?rest_route=%2Fwp%2Fv2%2Fproduct_cat&post=1898"},{"taxonomy":"product_tag","embeddable":true,"href":"https:\/\/coleccionismomusicaycine.com\/index.php?rest_route=%2Fwp%2Fv2%2Fproduct_tag&post=1898"}],"curies":[{"name":"wp","href":"https:\/\/api.w.org\/{rel}","templated":true}]}}