{"id":1916,"date":"2024-12-31T09:36:43","date_gmt":"2024-12-31T09:36:43","guid":{"rendered":"https:\/\/coleccionismomusicaycine.com\/?post_type=product&#038;p=1916"},"modified":"2025-04-21T17:36:39","modified_gmt":"2025-04-21T17:36:39","slug":"revista-playboy-edicion-especial-futbol-los-escandalos-mas-sonados-del-cesped","status":"publish","type":"product","link":"https:\/\/coleccionismomusicaycine.com\/?product=revista-playboy-edicion-especial-futbol-los-escandalos-mas-sonados-del-cesped","title":{"rendered":"REVISTA PLAYBOY EDICI\u00d3N ESPECIAL F\u00daTBOL LOS ESC\u00c1NDALOS M\u00c1S SONADOS DEL C\u00c9SPED"},"content":{"rendered":"<p>CON SE\u00d1ALES DE USO PERO EN BUEN ESTADO DE CONSERVACI\u00d3N.<\/p>\n<p>GRAN POSTER CENTRAL.<\/p>\n<p>LA REVISTA MASCULINA MAS LE\u00cdDA DEL MUNDO.<\/p>\n","protected":false},"excerpt":{"rendered":"<p>CON SE\u00d1ALES DE USO PERO EN BUEN ESTADO DE CONSERVACI\u00d3N. GRAN POSTER CENTRAL. LA REVISTA MASCULINA MAS LE\u00cdDA DEL MUNDO.<\/p>\n","protected":false},"featured_media":1917,"comment_status":"closed","ping_status":"closed","template":"","meta":[],"product_brand":[],"product_cat":[16,20],"product_tag":[],"class_list":{"0":"post-1916","1":"product","2":"type-product","3":"status-publish","4":"has-post-thumbnail","6":"product_cat-coleccionismo","7":"product_cat-otros-articulos","9":"first","10":"instock","11":"shipping-taxable","12":"purchasable","13":"product-type-simple"},"_links":{"self":[{"href":"https:\/\/coleccionismomusicaycine.com\/index.php?rest_route=\/wp\/v2\/product\/1916","targetHints":{"allow":["GET"]}}],"collection":[{"href":"https:\/\/coleccionismomusicaycine.com\/index.php?rest_route=\/wp\/v2\/product"}],"about":[{"href":"https:\/\/coleccionismomusicaycine.com\/index.php?rest_route=\/wp\/v2\/types\/product"}],"replies":[{"embeddable":true,"href":"https:\/\/coleccionismomusicaycine.com\/index.php?rest_route=%2Fwp%2Fv2%2Fcomments&post=1916"}],"wp:featuredmedia":[{"embeddable":true,"href":"https:\/\/coleccionismomusicaycine.com\/index.php?rest_route=\/wp\/v2\/media\/1917"}],"wp:attachment":[{"href":"https:\/\/coleccionismomusicaycine.com\/index.php?rest_route=%2Fwp%2Fv2%2Fmedia&parent=1916"}],"wp:term":[{"taxonomy":"product_brand","embeddable":true,"href":"https:\/\/coleccionismomusicaycine.com\/index.php?rest_route=%2Fwp%2Fv2%2Fproduct_brand&post=1916"},{"taxonomy":"product_cat","embeddable":true,"href":"https:\/\/coleccionismomusicaycine.com\/index.php?rest_route=%2Fwp%2Fv2%2Fproduct_cat&post=1916"},{"taxonomy":"product_tag","embeddable":true,"href":"https:\/\/coleccionismomusicaycine.com\/index.php?rest_route=%2Fwp%2Fv2%2Fproduct_tag&post=1916"}],"curies":[{"name":"wp","href":"https:\/\/api.w.org\/{rel}","templated":true}]}}