{"id":1989,"date":"2025-01-10T22:25:10","date_gmt":"2025-01-10T22:25:10","guid":{"rendered":"https:\/\/coleccionismomusicaycine.com\/?post_type=product&#038;p=1989"},"modified":"2025-03-27T12:58:25","modified_gmt":"2025-03-27T12:58:25","slug":"dvd-accidente-joseph-losey-dirk-bogarde-www-aquitienesloquebuscas-com-spain","status":"publish","type":"product","link":"https:\/\/coleccionismomusicaycine.com\/?product=dvd-accidente-joseph-losey-dirk-bogarde-www-aquitienesloquebuscas-com-spain","title":{"rendered":"DVD ACCIDENTE JOSEPH LOSEY DIRK BOGARDE WWW.AQUITIENESLOQUEBUSCAS.COM SPAIN"},"content":{"rendered":"<p>WWW.AQUITIENESLOQUEBUSCAS.COM<\/p>\n<p>DVD COMO NUEVO. CAJA CON LEVES SE\u00d1ALES.<\/p>\n<p>NACIONALIDAD: GRAN BRETA\u00d1A 1.967<\/p>\n<p>IDIOMAS: CASTELLANO E INGL\u00c9S. <\/p>\n<p>PARA TODAS LAS REGIONES.<\/p>\n","protected":false},"excerpt":{"rendered":"<p>WWW.AQUITIENESLOQUEBUSCAS.COM DVD COMO NUEVO. CAJA CON LEVES SE\u00d1ALES. NACIONALIDAD: GRAN BRETA\u00d1A 1.967 IDIOMAS: CASTELLANO E INGL\u00c9S. PARA TODAS LAS REGIONES.<\/p>\n","protected":false},"featured_media":1990,"comment_status":"closed","ping_status":"closed","template":"","meta":[],"product_brand":[],"product_cat":[17,26],"product_tag":[],"class_list":{"0":"post-1989","1":"product","2":"type-product","3":"status-publish","4":"has-post-thumbnail","6":"product_cat-cine","7":"product_cat-dvds-cine","9":"first","10":"instock","11":"shipping-taxable","12":"purchasable","13":"product-type-simple"},"_links":{"self":[{"href":"https:\/\/coleccionismomusicaycine.com\/index.php?rest_route=\/wp\/v2\/product\/1989","targetHints":{"allow":["GET"]}}],"collection":[{"href":"https:\/\/coleccionismomusicaycine.com\/index.php?rest_route=\/wp\/v2\/product"}],"about":[{"href":"https:\/\/coleccionismomusicaycine.com\/index.php?rest_route=\/wp\/v2\/types\/product"}],"replies":[{"embeddable":true,"href":"https:\/\/coleccionismomusicaycine.com\/index.php?rest_route=%2Fwp%2Fv2%2Fcomments&post=1989"}],"wp:featuredmedia":[{"embeddable":true,"href":"https:\/\/coleccionismomusicaycine.com\/index.php?rest_route=\/wp\/v2\/media\/1990"}],"wp:attachment":[{"href":"https:\/\/coleccionismomusicaycine.com\/index.php?rest_route=%2Fwp%2Fv2%2Fmedia&parent=1989"}],"wp:term":[{"taxonomy":"product_brand","embeddable":true,"href":"https:\/\/coleccionismomusicaycine.com\/index.php?rest_route=%2Fwp%2Fv2%2Fproduct_brand&post=1989"},{"taxonomy":"product_cat","embeddable":true,"href":"https:\/\/coleccionismomusicaycine.com\/index.php?rest_route=%2Fwp%2Fv2%2Fproduct_cat&post=1989"},{"taxonomy":"product_tag","embeddable":true,"href":"https:\/\/coleccionismomusicaycine.com\/index.php?rest_route=%2Fwp%2Fv2%2Fproduct_tag&post=1989"}],"curies":[{"name":"wp","href":"https:\/\/api.w.org\/{rel}","templated":true}]}}