{"id":2057,"date":"2025-01-11T19:11:49","date_gmt":"2025-01-11T19:11:49","guid":{"rendered":"https:\/\/coleccionismomusicaycine.com\/?post_type=product&#038;p=2057"},"modified":"2025-03-27T12:57:06","modified_gmt":"2025-03-27T12:57:06","slug":"dvd-proyecto-brainstorm-christopher-walken-natalie-wod-aquitienesloquebuscas-com","status":"publish","type":"product","link":"https:\/\/coleccionismomusicaycine.com\/?product=dvd-proyecto-brainstorm-christopher-walken-natalie-wod-aquitienesloquebuscas-com","title":{"rendered":"DVD PROYECTO BRAINSTORM CHRISTOPHER WALKEN NATALIE WOD AQUITIENESLOQUEBUSCAS.COM"},"content":{"rendered":"<p>WWW.AQUITIENESLOQUEBUSCAS.COM<\/p>\n<p>DVD EN MUY BUEN ESTADO. CAJA DE PLASTICO COMO NUEVA.<br \/>\nCAJA EXTERIOR DE CART\u00d3N CON SE\u00d1ALES DE USO.<\/p>\n<p>IDIOMAS EN CASTELLANO E INGL\u00c9S. REGI\u00d3N 2.<\/p>\n","protected":false},"excerpt":{"rendered":"<p>WWW.AQUITIENESLOQUEBUSCAS.COM DVD EN MUY BUEN ESTADO. CAJA DE PLASTICO COMO NUEVA. CAJA EXTERIOR DE CART\u00d3N CON SE\u00d1ALES DE USO. IDIOMAS EN CASTELLANO E INGL\u00c9S. REGI\u00d3N 2.<\/p>\n","protected":false},"featured_media":2058,"comment_status":"closed","ping_status":"closed","template":"","meta":[],"product_brand":[],"product_cat":[17,26],"product_tag":[],"class_list":{"0":"post-2057","1":"product","2":"type-product","3":"status-publish","4":"has-post-thumbnail","6":"product_cat-cine","7":"product_cat-dvds-cine","9":"first","10":"instock","11":"shipping-taxable","12":"purchasable","13":"product-type-simple"},"_links":{"self":[{"href":"https:\/\/coleccionismomusicaycine.com\/index.php?rest_route=\/wp\/v2\/product\/2057","targetHints":{"allow":["GET"]}}],"collection":[{"href":"https:\/\/coleccionismomusicaycine.com\/index.php?rest_route=\/wp\/v2\/product"}],"about":[{"href":"https:\/\/coleccionismomusicaycine.com\/index.php?rest_route=\/wp\/v2\/types\/product"}],"replies":[{"embeddable":true,"href":"https:\/\/coleccionismomusicaycine.com\/index.php?rest_route=%2Fwp%2Fv2%2Fcomments&post=2057"}],"wp:featuredmedia":[{"embeddable":true,"href":"https:\/\/coleccionismomusicaycine.com\/index.php?rest_route=\/wp\/v2\/media\/2058"}],"wp:attachment":[{"href":"https:\/\/coleccionismomusicaycine.com\/index.php?rest_route=%2Fwp%2Fv2%2Fmedia&parent=2057"}],"wp:term":[{"taxonomy":"product_brand","embeddable":true,"href":"https:\/\/coleccionismomusicaycine.com\/index.php?rest_route=%2Fwp%2Fv2%2Fproduct_brand&post=2057"},{"taxonomy":"product_cat","embeddable":true,"href":"https:\/\/coleccionismomusicaycine.com\/index.php?rest_route=%2Fwp%2Fv2%2Fproduct_cat&post=2057"},{"taxonomy":"product_tag","embeddable":true,"href":"https:\/\/coleccionismomusicaycine.com\/index.php?rest_route=%2Fwp%2Fv2%2Fproduct_tag&post=2057"}],"curies":[{"name":"wp","href":"https:\/\/api.w.org\/{rel}","templated":true}]}}