{"id":351,"date":"2024-01-10T20:09:22","date_gmt":"2024-01-10T20:09:22","guid":{"rendered":"https:\/\/coleccionismomusicaycine.com\/?post_type=product&#038;p=351"},"modified":"2026-01-01T18:02:43","modified_gmt":"2026-01-01T18:02:43","slug":"dvd-gold-robinson-crusoe-on-sin-island-sealed-aquitienesloquebuscas-com-almeria","status":"publish","type":"product","link":"https:\/\/coleccionismomusicaycine.com\/?product=dvd-gold-robinson-crusoe-on-sin-island-sealed-aquitienesloquebuscas-com-almeria","title":{"rendered":"DVD GOLD ROBINSON CRUSOE ON SIN ISLAND SILVIA SAINT LUCY LOVE ANGEL DARK SEALED AQUITIENESLOQUEBUSCAS.COM ALMERIA"},"content":{"rendered":"<p>WWW.AQUITIENESLOQUEBUSCAS.COM<\/p>\n<p>SEALED. PRECINTADO.<\/p>\n<p>SPECIAL EDITION GOLD PRIVATE.<\/p>\n<p>SILVIA SAINT LUCY LOVE<br \/>\nANGEL DARK NIKKY RIDER<br \/>\nSUNDAY EVELYN NIKKY BLOND<br \/>\nKEVIN LONG LAURO GIOTTO<br \/>\nPHILIPPE DEAN YVONNE PEACH<br \/>\nVALENTINA THALIA &#038; JENNIFER<br \/>\nFRANCESCO MALCOM GEORGE UHL<br \/>\nHORST BARON.<\/p>\n<p>DIRECTOR: ALESSANDRO DEL MAR.<\/p>\n<p>AUDIO: INGL\u00c9S FRANC\u00c9S ALEM\u00c1N<br \/>\nESPA\u00d1OL &#038; ITALIANO.<\/p>\n<p>PARA TODAS LAS REGIONES.<br \/>\nALL REGIONS.<\/p>\n","protected":false},"excerpt":{"rendered":"<p>WWW.AQUITIENESLOQUEBUSCAS.COM SEALED. PRECINTADO. SPECIAL EDITION GOLD PRIVATE. SILVIA SAINT LUCY LOVE ANGEL DARK NIKKY RIDER SUNDAY EVELYN NIKKY BLOND KEVIN LONG LAURO GIOTTO PHILIPPE DEAN YVONNE PEACH VALENTINA THALIA &#038; JENNIFER FRANCESCO MALCOM GEORGE UHL HORST BARON. DIRECTOR: ALESSANDRO DEL MAR. AUDIO: INGL\u00c9S FRANC\u00c9S ALEM\u00c1N ESPA\u00d1OL &#038; ITALIANO. PARA TODAS LAS REGIONES. ALL REGIONS.<\/p>\n","protected":false},"featured_media":352,"comment_status":"open","ping_status":"closed","template":"","meta":[],"product_brand":[],"product_cat":[16,19],"product_tag":[],"class_list":{"0":"post-351","1":"product","2":"type-product","3":"status-publish","4":"has-post-thumbnail","6":"product_cat-coleccionismo","7":"product_cat-coleccionismo-coleccionismo","9":"first","10":"instock","11":"shipping-taxable","12":"purchasable","13":"product-type-simple"},"_links":{"self":[{"href":"https:\/\/coleccionismomusicaycine.com\/index.php?rest_route=\/wp\/v2\/product\/351","targetHints":{"allow":["GET"]}}],"collection":[{"href":"https:\/\/coleccionismomusicaycine.com\/index.php?rest_route=\/wp\/v2\/product"}],"about":[{"href":"https:\/\/coleccionismomusicaycine.com\/index.php?rest_route=\/wp\/v2\/types\/product"}],"replies":[{"embeddable":true,"href":"https:\/\/coleccionismomusicaycine.com\/index.php?rest_route=%2Fwp%2Fv2%2Fcomments&post=351"}],"wp:featuredmedia":[{"embeddable":true,"href":"https:\/\/coleccionismomusicaycine.com\/index.php?rest_route=\/wp\/v2\/media\/352"}],"wp:attachment":[{"href":"https:\/\/coleccionismomusicaycine.com\/index.php?rest_route=%2Fwp%2Fv2%2Fmedia&parent=351"}],"wp:term":[{"taxonomy":"product_brand","embeddable":true,"href":"https:\/\/coleccionismomusicaycine.com\/index.php?rest_route=%2Fwp%2Fv2%2Fproduct_brand&post=351"},{"taxonomy":"product_cat","embeddable":true,"href":"https:\/\/coleccionismomusicaycine.com\/index.php?rest_route=%2Fwp%2Fv2%2Fproduct_cat&post=351"},{"taxonomy":"product_tag","embeddable":true,"href":"https:\/\/coleccionismomusicaycine.com\/index.php?rest_route=%2Fwp%2Fv2%2Fproduct_tag&post=351"}],"curies":[{"name":"wp","href":"https:\/\/api.w.org\/{rel}","templated":true}]}}