{"id":468,"date":"2024-06-26T10:01:00","date_gmt":"2024-06-26T10:01:00","guid":{"rendered":"https:\/\/coleccionismomusicaycine.com\/?post_type=product&#038;p=468"},"modified":"2025-11-13T10:31:41","modified_gmt":"2025-11-13T10:31:41","slug":"dvd-batf-el-murcielago-joker-nicholas-steele-sealed-aquitienesloquebuscas-com","status":"publish","type":"product","link":"https:\/\/coleccionismomusicaycine.com\/?product=dvd-batf-el-murcielago-joker-nicholas-steele-sealed-aquitienesloquebuscas-com","title":{"rendered":"DVD BATF EL MURCI\u00c9LAGO 2\u00aa PARTE &#038; JOKER NICHOLAS STEELE BOBBIE STARR DANI JENSEN SEALED AQUITIENESLOQUEBUSCAS.COM"},"content":{"rendered":"<p>WWW.AQUITIENESLOQUEBUSCAS.COM<\/p>\n<p>SEALED. PRECINTADO.<\/p>\n<p>PRECINTADO PERO CAJA ROTA POR UNA ESQUINA.<br \/>\nSEALED BUT BOX BROKEN AT ONE CORNER.<\/p>\n<p>PREMIOS AVN 2011<br \/>\nMEJOR CINEMATOGRAFIA<br \/>\nMEJOR PARODIA DRAMA<br \/>\nMEJOR DIRECC\u00d3N ART\u00cdSTICA<br \/>\nMEJORES EFECTOS ESPECIALES<br \/>\nMEJOR MAQUILLAJE<br \/>\nMEJOR DISE\u00d1O.<\/p>\n<p>2011 AVN AWARDS<br \/>\nBEST CINEMATOGRAPHY<br \/>\nBEST PARODY DRAMA<br \/>\nBEST ART DIRECTION<br \/>\nBEST SPECIAL EFFECTS<br \/>\nBEST MAKEUP<br \/>\nBEST DESIGN.<\/p>\n<p>NICHOLAS STEELE BOBBIE STARR<br \/>\nDANI JENSEN MADELYN MARIE<br \/>\nYURIZAN BELTRAN JENNI HENDRIX<br \/>\nBREANNE BENSON ISIS LOVE.<\/p>\n<p>DIRECTOR: NICHOLAS STEELE.<\/p>\n<p>IDIOMA: ESPA\u00d1OL.<\/p>\n<p>PARA TODAS LAS REGIONES.<br \/>\nALL REGIONS.<\/p>\n","protected":false},"excerpt":{"rendered":"<p>WWW.AQUITIENESLOQUEBUSCAS.COM SEALED. PRECINTADO. PRECINTADO PERO CAJA ROTA POR UNA ESQUINA. SEALED BUT BOX BROKEN AT ONE CORNER. PREMIOS AVN 2011 MEJOR CINEMATOGRAFIA MEJOR PARODIA DRAMA MEJOR DIRECC\u00d3N ART\u00cdSTICA MEJORES EFECTOS ESPECIALES MEJOR MAQUILLAJE MEJOR DISE\u00d1O. 2011 AVN AWARDS BEST CINEMATOGRAPHY BEST PARODY DRAMA BEST ART DIRECTION BEST SPECIAL EFFECTS BEST MAKEUP BEST DESIGN. NICHOLAS STEELE [&hellip;]<\/p>\n","protected":false},"featured_media":4933,"comment_status":"open","ping_status":"closed","template":"","meta":[],"product_brand":[],"product_cat":[16,19],"product_tag":[],"class_list":{"0":"post-468","1":"product","2":"type-product","3":"status-publish","4":"has-post-thumbnail","6":"product_cat-coleccionismo","7":"product_cat-coleccionismo-coleccionismo","9":"first","10":"instock","11":"shipping-taxable","12":"purchasable","13":"product-type-simple"},"_links":{"self":[{"href":"https:\/\/coleccionismomusicaycine.com\/index.php?rest_route=\/wp\/v2\/product\/468","targetHints":{"allow":["GET"]}}],"collection":[{"href":"https:\/\/coleccionismomusicaycine.com\/index.php?rest_route=\/wp\/v2\/product"}],"about":[{"href":"https:\/\/coleccionismomusicaycine.com\/index.php?rest_route=\/wp\/v2\/types\/product"}],"replies":[{"embeddable":true,"href":"https:\/\/coleccionismomusicaycine.com\/index.php?rest_route=%2Fwp%2Fv2%2Fcomments&post=468"}],"wp:featuredmedia":[{"embeddable":true,"href":"https:\/\/coleccionismomusicaycine.com\/index.php?rest_route=\/wp\/v2\/media\/4933"}],"wp:attachment":[{"href":"https:\/\/coleccionismomusicaycine.com\/index.php?rest_route=%2Fwp%2Fv2%2Fmedia&parent=468"}],"wp:term":[{"taxonomy":"product_brand","embeddable":true,"href":"https:\/\/coleccionismomusicaycine.com\/index.php?rest_route=%2Fwp%2Fv2%2Fproduct_brand&post=468"},{"taxonomy":"product_cat","embeddable":true,"href":"https:\/\/coleccionismomusicaycine.com\/index.php?rest_route=%2Fwp%2Fv2%2Fproduct_cat&post=468"},{"taxonomy":"product_tag","embeddable":true,"href":"https:\/\/coleccionismomusicaycine.com\/index.php?rest_route=%2Fwp%2Fv2%2Fproduct_tag&post=468"}],"curies":[{"name":"wp","href":"https:\/\/api.w.org\/{rel}","templated":true}]}}