{"id":5767,"date":"2026-01-07T15:08:36","date_gmt":"2026-01-07T15:08:36","guid":{"rendered":"https:\/\/coleccionismomusicaycine.com\/?post_type=product&#038;p=5767"},"modified":"2026-01-07T15:08:36","modified_gmt":"2026-01-07T15:08:36","slug":"dvd-eclipse-total-anthony-hickocx-mario-van-peebles-aquitienesloquebuscas-com","status":"publish","type":"product","link":"https:\/\/coleccionismomusicaycine.com\/?product=dvd-eclipse-total-anthony-hickocx-mario-van-peebles-aquitienesloquebuscas-com","title":{"rendered":"DVD ECLIPSE TOTAL ANTHONY HICKOCX MARIO VAN PEEBLES AQUITIENESLOQUEBUSCAS.COM"},"content":{"rendered":"<p>WWW.AQUITIENESLOQUEBUSCAS.COM<\/p>\n<p>LA FOTO ES SOLO RELEVANTE DEL ART\u00cdCULO.<br \/>\nDVD CON SE\u00d1ALES DE USO EN MUY BUEN ESTADO<br \/>\nY CAJA NUEVA.<\/p>\n<p>MARIO VAN PEEBLES & PATSY KENSIT<\/p>\n<p>UNA PEL\u00cdCULA DE ANTHONY HICKOCX.<\/p>\n","protected":false},"excerpt":{"rendered":"<p>WWW.AQUITIENESLOQUEBUSCAS.COM LA FOTO ES SOLO RELEVANTE DEL ART\u00cdCULO. DVD CON SE\u00d1ALES DE USO EN MUY BUEN ESTADO Y CAJA NUEVA. MARIO VAN PEEBLES &#038; PATSY KENSIT UNA PEL\u00cdCULA DE ANTHONY HICKOCX.<\/p>\n","protected":false},"featured_media":5768,"comment_status":"closed","ping_status":"closed","template":"","meta":[],"product_brand":[],"product_cat":[17,26],"product_tag":[],"class_list":{"0":"post-5767","1":"product","2":"type-product","3":"status-publish","4":"has-post-thumbnail","6":"product_cat-cine","7":"product_cat-dvds-cine","9":"first","10":"instock","11":"shipping-taxable","12":"purchasable","13":"product-type-simple"},"_links":{"self":[{"href":"https:\/\/coleccionismomusicaycine.com\/index.php?rest_route=\/wp\/v2\/product\/5767","targetHints":{"allow":["GET"]}}],"collection":[{"href":"https:\/\/coleccionismomusicaycine.com\/index.php?rest_route=\/wp\/v2\/product"}],"about":[{"href":"https:\/\/coleccionismomusicaycine.com\/index.php?rest_route=\/wp\/v2\/types\/product"}],"replies":[{"embeddable":true,"href":"https:\/\/coleccionismomusicaycine.com\/index.php?rest_route=%2Fwp%2Fv2%2Fcomments&post=5767"}],"wp:featuredmedia":[{"embeddable":true,"href":"https:\/\/coleccionismomusicaycine.com\/index.php?rest_route=\/wp\/v2\/media\/5768"}],"wp:attachment":[{"href":"https:\/\/coleccionismomusicaycine.com\/index.php?rest_route=%2Fwp%2Fv2%2Fmedia&parent=5767"}],"wp:term":[{"taxonomy":"product_brand","embeddable":true,"href":"https:\/\/coleccionismomusicaycine.com\/index.php?rest_route=%2Fwp%2Fv2%2Fproduct_brand&post=5767"},{"taxonomy":"product_cat","embeddable":true,"href":"https:\/\/coleccionismomusicaycine.com\/index.php?rest_route=%2Fwp%2Fv2%2Fproduct_cat&post=5767"},{"taxonomy":"product_tag","embeddable":true,"href":"https:\/\/coleccionismomusicaycine.com\/index.php?rest_route=%2Fwp%2Fv2%2Fproduct_tag&post=5767"}],"curies":[{"name":"wp","href":"https:\/\/api.w.org\/{rel}","templated":true}]}}