{"id":6481,"date":"2026-03-01T16:38:44","date_gmt":"2026-03-01T16:38:44","guid":{"rendered":"https:\/\/coleccionismomusicaycine.com\/?post_type=product&#038;p=6481"},"modified":"2026-04-11T20:11:00","modified_gmt":"2026-04-11T20:11:00","slug":"cd-dvd-andy-lucas-edicion-especial-www-aquitienesloquebuscas-com","status":"publish","type":"product","link":"https:\/\/coleccionismomusicaycine.com\/?product=cd-dvd-andy-lucas-edicion-especial-www-aquitienesloquebuscas-com","title":{"rendered":"CD + DVD ANDY &#038; LUCAS EDICI\u00d3N ESPECIAL WWW.AQUITIENESLOQUEBUSCAS.COM"},"content":{"rendered":"<p>WWW.AQUITIENESLOQUEBUSCAS.COM<\/p>\n<p>CD CON SE\u00d1ALES DE USO. DVD CASI COMO NUEVO.<br \/>\nCART\u00d3N EXTERIOR Y LIBRETO INTERIOR CON SE\u00d1ALES USO.<\/p>\n<p>CD<br \/>\n1\tSon De Amores<br \/>\n2\tTanto La Quer\u00eda<br \/>\n3\tLa Llama Del Amor (Con Chonchi Heredia)<br \/>\nFeaturing \u2013 Chonchi Heredia<br \/>\n4\tM\u00edrame A La Cara<br \/>\n5\tHasta Los Huesos<br \/>\n6\tEl Ritmo De Mar\u00eda<br \/>\n7\tDame Un Besito<br \/>\n8\tCa\u00eddo Del Cielo<br \/>\n9\tUn Rinconcito Al Sur<br \/>\n10\tY En Tu Ventana<br \/>\n11\tCarta An\u00f3nima<br \/>\n12\tLas Manos Del Mundo<br \/>\n13\tRatoncitos Coloraos<br \/>\nBonus Tracks<br \/>\n14\tCorre Y Vuela<br \/>\n15\tCarmela<br \/>\n16\tM\u00edrame A La Cara (Nueva versi\u00f3n)<br \/>\n17\tHasta Los Huesos (Versi\u00f3n Ac\u00fastica)<br \/>\nDvd \u00abViviendo Un Sue\u00f1o\u00bb Su Primer Concierto<br \/>\n1\tM\u00edrame A La Cara<br \/>\n2\tDame Un Besito<br \/>\n3\tLas Manos Del Mundo<br \/>\n4\tCa\u00eddo Del Cielo<br \/>\n5\tLa Llama Del Amor<br \/>\n6\tY En Tu Ventana<br \/>\n7\tUn Rinconcito Al Sur<br \/>\n8\tTanto La Quer\u00eda<br \/>\n9\tSon De Amores<br \/>\n10\tDime Que Me Quieres<br \/>\nExtra Dvd<br \/>\n1\tSon De Amores. Video<br \/>\n2\tTanto La Queria. Video<\/p>\n","protected":false},"excerpt":{"rendered":"<p>WWW.AQUITIENESLOQUEBUSCAS.COM CD CON SE\u00d1ALES DE USO. DVD CASI COMO NUEVO. CART\u00d3N EXTERIOR Y LIBRETO INTERIOR CON SE\u00d1ALES USO. CD 1 Son De Amores 2 Tanto La Quer\u00eda 3 La Llama Del Amor (Con Chonchi Heredia) Featuring \u2013 Chonchi Heredia 4 M\u00edrame A La Cara 5 Hasta Los Huesos 6 El Ritmo De Mar\u00eda 7 Dame [&hellip;]<\/p>\n","protected":false},"featured_media":6482,"comment_status":"closed","ping_status":"closed","template":"","meta":[],"product_brand":[],"product_cat":[21,22,18],"product_tag":[],"class_list":{"0":"post-6481","1":"product","2":"type-product","3":"status-publish","4":"has-post-thumbnail","6":"product_cat-cds","7":"product_cat-dvds","8":"product_cat-musica","10":"first","11":"instock","12":"shipping-taxable","13":"purchasable","14":"product-type-simple"},"_links":{"self":[{"href":"https:\/\/coleccionismomusicaycine.com\/index.php?rest_route=\/wp\/v2\/product\/6481","targetHints":{"allow":["GET"]}}],"collection":[{"href":"https:\/\/coleccionismomusicaycine.com\/index.php?rest_route=\/wp\/v2\/product"}],"about":[{"href":"https:\/\/coleccionismomusicaycine.com\/index.php?rest_route=\/wp\/v2\/types\/product"}],"replies":[{"embeddable":true,"href":"https:\/\/coleccionismomusicaycine.com\/index.php?rest_route=%2Fwp%2Fv2%2Fcomments&post=6481"}],"wp:featuredmedia":[{"embeddable":true,"href":"https:\/\/coleccionismomusicaycine.com\/index.php?rest_route=\/wp\/v2\/media\/6482"}],"wp:attachment":[{"href":"https:\/\/coleccionismomusicaycine.com\/index.php?rest_route=%2Fwp%2Fv2%2Fmedia&parent=6481"}],"wp:term":[{"taxonomy":"product_brand","embeddable":true,"href":"https:\/\/coleccionismomusicaycine.com\/index.php?rest_route=%2Fwp%2Fv2%2Fproduct_brand&post=6481"},{"taxonomy":"product_cat","embeddable":true,"href":"https:\/\/coleccionismomusicaycine.com\/index.php?rest_route=%2Fwp%2Fv2%2Fproduct_cat&post=6481"},{"taxonomy":"product_tag","embeddable":true,"href":"https:\/\/coleccionismomusicaycine.com\/index.php?rest_route=%2Fwp%2Fv2%2Fproduct_tag&post=6481"}],"curies":[{"name":"wp","href":"https:\/\/api.w.org\/{rel}","templated":true}]}}