{"id":6548,"date":"2026-03-03T17:46:50","date_gmt":"2026-03-03T17:46:50","guid":{"rendered":"https:\/\/coleccionismomusicaycine.com\/?post_type=product&#038;p=6548"},"modified":"2026-03-03T17:46:50","modified_gmt":"2026-03-03T17:46:50","slug":"pack-3-cds-dvd-mojinos-escozios-10-anos-escozios-sealed-aquitienesloquebuscas-com","status":"publish","type":"product","link":"https:\/\/coleccionismomusicaycine.com\/?product=pack-3-cds-dvd-mojinos-escozios-10-anos-escozios-sealed-aquitienesloquebuscas-com","title":{"rendered":"PACK 3 CDS + DVD MOJINOS ESCOZIOS 10 A\u00d1OS ESCOZIOS SEALED AQUITIENESLOQUEBUSCAS.COM"},"content":{"rendered":"<p>WWW.AQUITIENESLOQUEBUSCAS.COM<\/p>\n<p>SEALED. PRECINTADO.<\/p>\n<p>10 A\u00f1os Escozios<br \/>\nCD1-1\t\u2013Mojinos Escozios\tJer\u00f3nima<br \/>\nCD1-2\t\u2013Mojinos Escozios\tLos Cochinos<br \/>\nCD1-3\t\u2013Mojinos Escozios\tMontanbique<br \/>\nCD1-4\t\u2013Mojinos Escozios\tChow Chow<br \/>\nCD1-5\t\u2013Mojinos Escozios\tSexo, Furbo Y Rocarnr\u00f3<br \/>\nCD1-6\t\u2013Mojinos Escozios\tFollo Me On The Esky (Mi Sof\u00e1)<br \/>\nCD1-7\t\u2013Mojinos Escozios\tOvertura Di Cremallero<br \/>\nCD1-8\t\u2013Mojinos Escozios\tLa Invasi\u00f3n De Las Ladillas Enfures\u00eddas<br \/>\nCD1-9\t\u2013Mojinos Escozios\tHimno Marcial Y Viril De La<br \/>\nGente Que Se Siente Efusivamente Guay<br \/>\nCD1-10\t\u2013Mojinos Escozios\tLa Imperesedera Leyenda<br \/>\nDe Barman: El Superh\u00e9roe Que Veneran To Los Borrachos De La Galasia<br \/>\nCD1-11\t\u2013Mojinos Escozios\tQue G\u00fceno Que Estoy<br \/>\nCD1-12\t\u2013Mojinos Escozios\tLas Burbujitas<br \/>\nCD1-13\t\u2013Mojinos Escozios\tNo Tienes Huevos<br \/>\nCD1-14\t\u2013Mojinos Escozios\tAbreme La Puerta<br \/>\nCD1-15\t\u2013Mojinos Escozios\tMi Jefe<br \/>\nCD1-16\t\u2013Mojinos Escozios\tEsta Si Que Es La Cansi\u00f3n M\u00e1s Bonita<br \/>\nCD1-17\t\u2013Mojinos Escozios\tAl Carajo<br \/>\nCD1-18\t\u2013Mojinos Escozios\tLas Ni\u00f1as De La Saye<br \/>\nCD1-19\t\u2013Mojinos Escozios\tUeoh!!<br \/>\nCD1-20\t\u2013Mojinos Escozios\tMi Barr\u00ed De Servesa<br \/>\nTributo A Mojinos Escozios<br \/>\nCD2-1\t\u2013Los Podr\u00edos Por Dentro\tHimno Marcial<br \/>\nY Viril De La Gente Que Se Siente Efusivamente Guay<br \/>\nCD2-2\t\u2013Pepe Nabo\tChow Chow<br \/>\nCD2-3\t\u2013Los Superchingones\tEl Fiera<br \/>\nCD2-4\t\u2013Los Podr\u00edos Por Dentro\tTodos Le Llamaban<br \/>\nGordo, Aunque \u00c9l Prefer\u00eda Que Lo Llamasen P\u00e1 Com\u00e9<br \/>\nCD2-5\t\u2013La Coral Bajillas\tLas Ni\u00f1as De La Saye<br \/>\nCD2-6\t\u2013Los Asa\u00fara\tQue G\u00fceno Que Estoy<br \/>\nCD2-7\t\u2013Il Timo\tJer\u00f3nima<br \/>\nCD2-8\t\u2013David Big Band\tNo Tienes Huevos<br \/>\nCD2-9\t\u2013Los Vueltos Despaldas\tHacer Pu\u00f1etas<br \/>\nCD2-10\t\u2013Il Timo, La Coral Bajillas\tLas Burbujitas<br \/>\nCD2-11\t\u2013Los Podr\u00edos Por Dentro\tMi Jefe<br \/>\nCD2-12\t\u2013Humarea\tFederico<br \/>\nCD2-13\t\u2013KinKiss\tSacrifai<br \/>\nCD2-14\t\u2013The Quartet Quintet Sextet Acustic And<br \/>\nElectric Free Jazz Ensemble Project Band\tUeoh!!<br \/>\nRarezas Escozias<br \/>\nCD3-1\t\u2013Mojinos Escozios\tSuper Superman<br \/>\nCD3-2\t\u2013Mojinos Escozios\tEl Probe Miguel<br \/>\nCD3-3\t\u2013Mojinos Escozios\tQuiero Ser Libre<br \/>\nCD3-4\t\u2013Mojinos Escozios\tDejad Que Las Ni\u00f1as Se Acerquen A Mi<br \/>\nCD3-5\t\u2013Mojinos Escozios\tRebeca<br \/>\nCD3-6\t\u2013Mojinos Escozios\tTrabajo O Salud<br \/>\nCD3-7\t\u2013Mojinos Escozios\tEspa\u00f1a Va Bien<br \/>\nCD3-8\t\u2013Mojinos Escozios\tLos Pastores En La Tasca<br \/>\nCD3-9\t\u2013Mojinos Escozios\tSevillanas Del Borracho<br \/>\nCD3-10\t\u2013Mojinos Escozios\tQue Se Mueran To Los Feos<br \/>\nCD3-11\t\u2013Mojinos Escozios\tEspa\u00f1a Ueoh!! Himno<br \/>\nNo Ofisi\u00e1 Der Mundi\u00e1 De Alemania<br \/>\nCD3-12\t\u2013Mojinos Escozios\tOrgullo Guay Mix<br \/>\n10 Anos De Videos<br \/>\nDVD-1\t\u2013Mojinos Escozios\tLa Invasi\u00f3n De Las Ladillas Enfures\u00eddas<br \/>\nDVD-2\t\u2013Mojinos Escozios\tQue G\u00fceno Que Estoy<br \/>\nDVD-3\t\u2013Mojinos Escozios\tNo Tienes Huevos<br \/>\nDVD-4\t\u2013Mojinos Escozios\tLas Burbujitas<br \/>\nDVD-5\t\u2013Mojinos Escozios\tMis Cuenno<br \/>\nDVD-6\t\u2013Mojinos Escozios\tMi Jefe<br \/>\nDVD-7\t\u2013Mojinos Escozios\tAl Carajo<br \/>\nDVD-8\t\u2013Mojinos Escozios\tLas Ni\u00f1as De La Saye<br \/>\nDVD-9\t\u2013Mojinos Escozios\tLa Pastilla De Jabon<br \/>\nDVD-10\t\u2013Mojinos Escozios\tPaco Yo Te Quiero Un Taco<br \/>\nDVD-11\t\u2013Mojinos Escozios\tMucha Polisia<br \/>\nDVD-12\t\u2013Mojinos Escozios\tFrankistein<br \/>\nDVD-13\t\u2013Mojinos Escozios\tLa Muj\u00e9 Der Guitarra<br \/>\nDVD-14\t\u2013Mojinos Escozios\tUeoh!!<br \/>\nDVD-15\t\u2013Mojinos Escozios\tMi Barr\u00ed De Servesa<br \/>\nDVD-16\t\u2013Mojinos Escozios\tEspa\u00f1a Ueoh!! Himno<br \/>\nNo Ofisi\u00e1 Der Mundi\u00e1 De Alemania<br \/>\nPelicula<br \/>\nDVD-17\t\u2013Mojinos Escozios\tLa Gran Mentira Del Rocanrol<br \/>\nMas Cosas<br \/>\nDVD-18\t\u2013Mojinos Escozios\tGags<br \/>\nDVD-19\t\u2013Mojinos Escozios\tOpera Rock Triunfo \u00abQue Se Mueran To Los Feos\u00bb<br \/>\nDVD-20\t\u2013Mojinos Escozios\tMaking Off Sesion Fotos Disco Tributo<br \/>\nDVD-21\t\u2013Mojinos Escozios\tSpots TV \u00abEn Un Cortijo Grande&#8230;\u00bb<\/p>\n","protected":false},"excerpt":{"rendered":"<p>WWW.AQUITIENESLOQUEBUSCAS.COM SEALED. PRECINTADO. 10 A\u00f1os Escozios CD1-1 \u2013Mojinos Escozios Jer\u00f3nima CD1-2 \u2013Mojinos Escozios Los Cochinos CD1-3 \u2013Mojinos Escozios Montanbique CD1-4 \u2013Mojinos Escozios Chow Chow CD1-5 \u2013Mojinos Escozios Sexo, Furbo Y Rocarnr\u00f3 CD1-6 \u2013Mojinos Escozios Follo Me On The Esky (Mi Sof\u00e1) CD1-7 \u2013Mojinos Escozios Overtura Di Cremallero CD1-8 \u2013Mojinos Escozios La Invasi\u00f3n De Las Ladillas [&hellip;]<\/p>\n","protected":false},"featured_media":6549,"comment_status":"closed","ping_status":"closed","template":"","meta":[],"product_brand":[],"product_cat":[21,18],"product_tag":[],"class_list":{"0":"post-6548","1":"product","2":"type-product","3":"status-publish","4":"has-post-thumbnail","6":"product_cat-cds","7":"product_cat-musica","9":"first","10":"instock","11":"shipping-taxable","12":"purchasable","13":"product-type-simple"},"_links":{"self":[{"href":"https:\/\/coleccionismomusicaycine.com\/index.php?rest_route=\/wp\/v2\/product\/6548","targetHints":{"allow":["GET"]}}],"collection":[{"href":"https:\/\/coleccionismomusicaycine.com\/index.php?rest_route=\/wp\/v2\/product"}],"about":[{"href":"https:\/\/coleccionismomusicaycine.com\/index.php?rest_route=\/wp\/v2\/types\/product"}],"replies":[{"embeddable":true,"href":"https:\/\/coleccionismomusicaycine.com\/index.php?rest_route=%2Fwp%2Fv2%2Fcomments&post=6548"}],"wp:featuredmedia":[{"embeddable":true,"href":"https:\/\/coleccionismomusicaycine.com\/index.php?rest_route=\/wp\/v2\/media\/6549"}],"wp:attachment":[{"href":"https:\/\/coleccionismomusicaycine.com\/index.php?rest_route=%2Fwp%2Fv2%2Fmedia&parent=6548"}],"wp:term":[{"taxonomy":"product_brand","embeddable":true,"href":"https:\/\/coleccionismomusicaycine.com\/index.php?rest_route=%2Fwp%2Fv2%2Fproduct_brand&post=6548"},{"taxonomy":"product_cat","embeddable":true,"href":"https:\/\/coleccionismomusicaycine.com\/index.php?rest_route=%2Fwp%2Fv2%2Fproduct_cat&post=6548"},{"taxonomy":"product_tag","embeddable":true,"href":"https:\/\/coleccionismomusicaycine.com\/index.php?rest_route=%2Fwp%2Fv2%2Fproduct_tag&post=6548"}],"curies":[{"name":"wp","href":"https:\/\/api.w.org\/{rel}","templated":true}]}}