{"id":6816,"date":"2026-03-22T14:48:47","date_gmt":"2026-03-22T14:48:47","guid":{"rendered":"https:\/\/coleccionismomusicaycine.com\/?post_type=product&#038;p=6816"},"modified":"2026-03-22T14:48:47","modified_gmt":"2026-03-22T14:48:47","slug":"dvd-serie-completa-45-revoluciones-sealed-www-aquitienesloquebuscas-com-spain","status":"publish","type":"product","link":"https:\/\/coleccionismomusicaycine.com\/?product=dvd-serie-completa-45-revoluciones-sealed-www-aquitienesloquebuscas-com-spain","title":{"rendered":"DVD SERIE COMPLETA 45 REVOLUCIONES SEALED WWW.AQUITIENESLOQUEBUSCAS.COM SPAIN"},"content":{"rendered":"<p>WWW.AQUITIENESLOQUEBUSCAS.COM<\/p>\n<p>SEALED. PRECINTADO.<\/p>\n<p>IDIOMA: ESPA\u00d1OL.<\/p>\n<p>PARA TODAS LAS REGIONES. ALL REGIONS.<\/p>\n<p>650 MINUTOS APROXIMADAMENTE.<\/p>\n<p>Guiomar Puerta<br \/>\nMaribel Campoy<\/p>\n<p>Iv\u00e1n Marcos<br \/>\nGuillermo Rojas<\/p>\n<p>Pepe Barroso<\/p>\n<p>Silvana Navas<br \/>\nNines<\/p>\n<p>Carlos Cuevas<br \/>\nRober Aguirre<\/p>\n<p>Kimberley Tell<br \/>\nFanny<\/p>\n<p>Eudald Font<br \/>\nDiego Salinas<\/p>\n<p>Marina San Jos\u00e9<br \/>\n\u00c1ngeles Costa<\/p>\n<p>Diana G\u00f3mez<br \/>\nClara Aguirre<\/p>\n<p>Pau Vinyals<br \/>\nChimo<\/p>\n<p>Esmeralda Moya<br \/>\nCelia Vera<\/p>\n<p>Israel Elejalde<br \/>\nZabala<\/p>\n<p>Vito Sanz<br \/>\nIgnacio Betancourt<\/p>\n<p>Amaia Aberasturi<br \/>\nCarmen<\/p>\n<p>Carmen Guti\u00e9rrez<br \/>\nElisa<\/p>\n<p>Luis Larrodera<br \/>\nTino<\/p>\n<p>Pere Ponce<br \/>\nAlberto<\/p>\n<p>Joan Pera<br \/>\nDon Alfredo<\/p>\n<p>Fanny Gautier<br \/>\nFeli<\/p>\n<p>Joseba Apaolaza<br \/>\nEugenio Vidal<\/p>\n<p>Marcel Jeannin<\/p>\n<p>Elizabeth Neale<\/p>\n<p>Nieve de Medina<br \/>\nSilvia<\/p>\n<p>Carlo Mestroni<\/p>\n<p>Juanma Cifuentes<br \/>\nSalvador Quintana<\/p>\n<p>Guim Puig i Mas<br \/>\nJuan<\/p>\n<p>Edgar Moreno<br \/>\nValent\u00edn Quesada<\/p>\n<p>Nikola Zalduegui<br \/>\nGary<\/p>\n<p>Jose Luis Hij\u00f3n<br \/>\nSanti<\/p>\n","protected":false},"excerpt":{"rendered":"<p>WWW.AQUITIENESLOQUEBUSCAS.COM SEALED. PRECINTADO. IDIOMA: ESPA\u00d1OL. PARA TODAS LAS REGIONES. ALL REGIONS. 650 MINUTOS APROXIMADAMENTE. Guiomar Puerta Maribel Campoy Iv\u00e1n Marcos Guillermo Rojas Pepe Barroso Silvana Navas Nines Carlos Cuevas Rober Aguirre Kimberley Tell Fanny Eudald Font Diego Salinas Marina San Jos\u00e9 \u00c1ngeles Costa Diana G\u00f3mez Clara Aguirre Pau Vinyals Chimo Esmeralda Moya Celia Vera Israel [&hellip;]<\/p>\n","protected":false},"featured_media":6814,"comment_status":"closed","ping_status":"closed","template":"","meta":[],"product_brand":[],"product_cat":[17,26,47],"product_tag":[],"class_list":{"0":"post-6816","1":"product","2":"type-product","3":"status-publish","4":"has-post-thumbnail","6":"product_cat-cine","7":"product_cat-dvds-cine","8":"product_cat-series","10":"first","11":"instock","12":"shipping-taxable","13":"purchasable","14":"product-type-simple"},"_links":{"self":[{"href":"https:\/\/coleccionismomusicaycine.com\/index.php?rest_route=\/wp\/v2\/product\/6816","targetHints":{"allow":["GET"]}}],"collection":[{"href":"https:\/\/coleccionismomusicaycine.com\/index.php?rest_route=\/wp\/v2\/product"}],"about":[{"href":"https:\/\/coleccionismomusicaycine.com\/index.php?rest_route=\/wp\/v2\/types\/product"}],"replies":[{"embeddable":true,"href":"https:\/\/coleccionismomusicaycine.com\/index.php?rest_route=%2Fwp%2Fv2%2Fcomments&post=6816"}],"wp:featuredmedia":[{"embeddable":true,"href":"https:\/\/coleccionismomusicaycine.com\/index.php?rest_route=\/wp\/v2\/media\/6814"}],"wp:attachment":[{"href":"https:\/\/coleccionismomusicaycine.com\/index.php?rest_route=%2Fwp%2Fv2%2Fmedia&parent=6816"}],"wp:term":[{"taxonomy":"product_brand","embeddable":true,"href":"https:\/\/coleccionismomusicaycine.com\/index.php?rest_route=%2Fwp%2Fv2%2Fproduct_brand&post=6816"},{"taxonomy":"product_cat","embeddable":true,"href":"https:\/\/coleccionismomusicaycine.com\/index.php?rest_route=%2Fwp%2Fv2%2Fproduct_cat&post=6816"},{"taxonomy":"product_tag","embeddable":true,"href":"https:\/\/coleccionismomusicaycine.com\/index.php?rest_route=%2Fwp%2Fv2%2Fproduct_tag&post=6816"}],"curies":[{"name":"wp","href":"https:\/\/api.w.org\/{rel}","templated":true}]}}