{"id":6834,"date":"2026-03-24T11:45:55","date_gmt":"2026-03-24T11:45:55","guid":{"rendered":"https:\/\/coleccionismomusicaycine.com\/?post_type=product&#038;p=6834"},"modified":"2026-04-11T20:10:05","modified_gmt":"2026-04-11T20:10:05","slug":"cd-dvd-merche-autentica-edicion-especial-sealed-aquitienesloquebuscas-com","status":"publish","type":"product","link":"https:\/\/coleccionismomusicaycine.com\/?product=cd-dvd-merche-autentica-edicion-especial-sealed-aquitienesloquebuscas-com","title":{"rendered":"CD + DVD MERCHE AUT\u00c9NTICA EDICI\u00d3N ESPECIAL SEALED AQUITIENESLOQUEBUSCAS.COM"},"content":{"rendered":"<p>WWW.AQUITIENESLOQUEBUSCAS.COM<\/p>\n<p>SEALED. PRECINTADO.<\/p>\n<p>CD-01\tMe Han Vuelto Loca\t3:25<br \/>\nCD-02\tAbre Tu Mente\t3:47<br \/>\nCD-03\tNo Tengo Vida\t4:05<br \/>\nCD-04\tDistancia\t3:36<br \/>\nCD-05\tEsa Chica De Ayer\t3:35<br \/>\nCD-06\tMejor Sola\t2:57<br \/>\nCD-07\tVete De Aqu\u00ed\t3:01<br \/>\nCD-08\tNoches De Plata\t3:15<br \/>\nCD-09\tPasar De Los Dem\u00e1s\t3:08<br \/>\nCD-10\tPorqu\u00e9\t3:34<br \/>\nCD-11\tMe Dejas\t4:21<br \/>\nCD-12\tYa Te Encontr\u00e9\t3:08<br \/>\nCD-13\tNo S\u00e9 Vivir Sin Ti (A D\u00fao Con Alex)<br \/>\nFeaturing [Vocals] \u2013 Alex*<br \/>\n4:03<br \/>\nConcierto<br \/>\nDVD-01\tIntro\t2:06<br \/>\nDVD-02\tDistancia\t3:45<br \/>\nDVD-03\tEsa Chica De Ayer\t4:56<br \/>\nDVD-04\tAbre Tu Mente\t3:59<br \/>\nDVD-05\tNoches De Plata\t3:24<br \/>\nDVD-06\tMe Han Vuelto Loca\t3:48<br \/>\nDVD-07\tMedley\t4:19<br \/>\nDVD-08\tLe Deseo\t4:48<br \/>\nDVD-09\tPorqu\u00e9\t3:44<br \/>\nDVD-10\tNo Me Pidas M\u00e1s Amor\t5:02<br \/>\nDVD-11\tPasar De Los Dem\u00e1s\t3:23<br \/>\nDVD-12\tNo Tengo Vida\t4:17<br \/>\nDVD-13\tC\u00f3mo Pude\t4:55<br \/>\nDVD-14\tVete De Aqu\u00ed\t4:36<br \/>\nDVD-15\tEntrega Disco De Oro Y Platino\t2:47<br \/>\nDVD-16\tMe Han Vuelto Loca (Bis)\t3:56<br \/>\nDVD-17\tAbre Tu Mente (Bis)\t4:01<br \/>\nDVD-18\tMaking Of Gira 2004\t2:06<br \/>\nVideoclips<br \/>\nDVD-19\tNo Me Pidas M\u00e1s Amor\t3:30<br \/>\nDVD-20\tAbre Tu Mente\t3:27<br \/>\nDVD-21\tMe Han Vuelto Loca\t3:21<br \/>\nDVD-22\tDistancia\t3:37<br \/>\nDVD-23\tNo Tengo Vida\t4:02<br \/>\nExtras<br \/>\nDVD-24\tEntrevista\t16:52<br \/>\nDVD-25\tVideoclip Fotogr\u00e1fico\t1:00<br \/>\nDVD-26\tMaking Of Grabaci\u00f3n \u00c1lbum \u00abAut\u00e9ntica\u00bb\t2:11<\/p>\n","protected":false},"excerpt":{"rendered":"<p>WWW.AQUITIENESLOQUEBUSCAS.COM SEALED. PRECINTADO. CD-01 Me Han Vuelto Loca 3:25 CD-02 Abre Tu Mente 3:47 CD-03 No Tengo Vida 4:05 CD-04 Distancia 3:36 CD-05 Esa Chica De Ayer 3:35 CD-06 Mejor Sola 2:57 CD-07 Vete De Aqu\u00ed 3:01 CD-08 Noches De Plata 3:15 CD-09 Pasar De Los Dem\u00e1s 3:08 CD-10 Porqu\u00e9 3:34 CD-11 Me Dejas 4:21 [&hellip;]<\/p>\n","protected":false},"featured_media":6835,"comment_status":"closed","ping_status":"closed","template":"","meta":[],"product_brand":[],"product_cat":[21,22,18],"product_tag":[],"class_list":{"0":"post-6834","1":"product","2":"type-product","3":"status-publish","4":"has-post-thumbnail","6":"product_cat-cds","7":"product_cat-dvds","8":"product_cat-musica","10":"first","11":"instock","12":"shipping-taxable","13":"purchasable","14":"product-type-simple"},"_links":{"self":[{"href":"https:\/\/coleccionismomusicaycine.com\/index.php?rest_route=\/wp\/v2\/product\/6834","targetHints":{"allow":["GET"]}}],"collection":[{"href":"https:\/\/coleccionismomusicaycine.com\/index.php?rest_route=\/wp\/v2\/product"}],"about":[{"href":"https:\/\/coleccionismomusicaycine.com\/index.php?rest_route=\/wp\/v2\/types\/product"}],"replies":[{"embeddable":true,"href":"https:\/\/coleccionismomusicaycine.com\/index.php?rest_route=%2Fwp%2Fv2%2Fcomments&post=6834"}],"wp:featuredmedia":[{"embeddable":true,"href":"https:\/\/coleccionismomusicaycine.com\/index.php?rest_route=\/wp\/v2\/media\/6835"}],"wp:attachment":[{"href":"https:\/\/coleccionismomusicaycine.com\/index.php?rest_route=%2Fwp%2Fv2%2Fmedia&parent=6834"}],"wp:term":[{"taxonomy":"product_brand","embeddable":true,"href":"https:\/\/coleccionismomusicaycine.com\/index.php?rest_route=%2Fwp%2Fv2%2Fproduct_brand&post=6834"},{"taxonomy":"product_cat","embeddable":true,"href":"https:\/\/coleccionismomusicaycine.com\/index.php?rest_route=%2Fwp%2Fv2%2Fproduct_cat&post=6834"},{"taxonomy":"product_tag","embeddable":true,"href":"https:\/\/coleccionismomusicaycine.com\/index.php?rest_route=%2Fwp%2Fv2%2Fproduct_tag&post=6834"}],"curies":[{"name":"wp","href":"https:\/\/api.w.org\/{rel}","templated":true}]}}