{"id":6871,"date":"2026-03-25T11:56:09","date_gmt":"2026-03-25T11:56:09","guid":{"rendered":"https:\/\/coleccionismomusicaycine.com\/?post_type=product&#038;p=6871"},"modified":"2026-03-25T11:56:49","modified_gmt":"2026-03-25T11:56:49","slug":"serie-completa-dvd-teresa-de-jesus-documentales-libro-aquitienesloquebuscas-com","status":"publish","type":"product","link":"https:\/\/coleccionismomusicaycine.com\/?product=serie-completa-dvd-teresa-de-jesus-documentales-libro-aquitienesloquebuscas-com","title":{"rendered":"SERIE COMPLETA DVD TERESA DE JES\u00daS DOCUMENTALES LIBRO AQUITIENESLOQUEBUSCAS.COM"},"content":{"rendered":"<p>WWW.AQUITIENESLOQUEBUSCAS.COM<\/p>\n<p>SEALED. PRECINTADO.<br \/>\nLEVES SE\u00d1ALES EN CART\u00d3N EXTERIOR.<br \/>\nSLIGHT SIGNS ON OUTER CARDBOARD.<\/p>\n<p>IDIOMA: ESPA\u00d1OL.<\/p>\n<p>SUBT\u00cdTULOS: ALEM\u00c1N FRANC\u00c9S<br \/>\nINGL\u00c9S ITALIANO PORTUGU\u00c9S.<\/p>\n<p>EDICI\u00d3N ESPECIAL LIMITADA V CENTENARIO: 4 DVDs CON LA SERIE<br \/>\nDE TVE DIRIGIDA POR JOSEFINA MOLINA<br \/>\nM\u00c1S DOS DOCUMENTALES DE FRANCISCO RODR\u00cdGUEZ.<br \/>\nINCLUYE UN LIBRO CON UNA RECOPILACI\u00d3N DE TEXTOS DE SANTA TERESA<\/p>\n<p>La Serie: Con gran rigor hist\u00f3rico, asistimos a la vida de Teresa de Jes\u00fas. Monja carmelita, descendiente de jud\u00edos conversos, emprendi\u00f3 un movimiento de reforma y de liberaci\u00f3n. En sus escritos nos dej\u00f3 uno de los testimonios m\u00e1s apasionantes deaquel siglo XVI. A lo largo de ocho episodios se sigue la aventura de aquella mujer que se mezcl\u00f3 con el pueblo, frecuent\u00f3 la nobleza y que, experiment\u00f3 las m\u00e1s sublimes vivencias m\u00edsticas.<\/p>\n<p>Dos documentales producidos con motivo del V Centenario del nacimiento de Teresa de Jes\u00fas, que actualizan la imagen de la santa y que nos van a permitir acercarnos a aspectos in\u00e9ditos de su obra, su vida personal y su legado.<\/p>\n<p>Extras: <\/p>\n<p>\u2013 Libro 150 p\u00e1ginas: Una recopilaci\u00f3n de textos de la santa que incluye Las moradas y una selecci\u00f3n de sus Poes\u00edas.<\/p>\n<p>\u2013 Producci\u00f3n espa\u00f1ola (v\u00eddeo) \/ Mesa Redonda, 29\u00aa Semana de Valladolid (v\u00eddeo) \/ Notas de un rodaje (v\u00eddeo) \/ Buenas Noches: Teresa de Jes\u00fas (v\u00eddeo) \/ Vida de una santa \/ \u00c1vila: tras los pasos de Santa Teresa \/ Juan de Yepes, San Juan de la Cruz \/ 10 joyas del arte religioso abulense \/ Iglesias rom\u00e1nicas de \u00c1vila \/ Fichas.<\/p>\n<p>Patricia Adriani<\/p>\n<p>Concha Velasco<\/p>\n<p>Mar\u00eda Massip<br \/>\nJuana Su\u00e1rez<\/p>\n<p>Tony Isbert<br \/>\nJer\u00f3nimo Graci\u00e1n<\/p>\n<p>Carmen Lozano Mu\u00f1oz<br \/>\nTeodora<\/p>\n<p>Virginia Mataix<\/p>\n<p>Eduardo Calvo<br \/>\nFray Antonio de Heredia<\/p>\n<p>Mag\u00fci Mira<br \/>\nGuiomar de Ulloa<\/p>\n<p>Alicia S\u00e1nchez<\/p>\n<p>H\u00e9ctor Alterio<\/p>\n<p>Francisco Rabal<\/p>\n<p>Emilio Guti\u00e9rrez Caba<br \/>\nJuan de la Cruz<\/p>\n<p>Ana Bel\u00e9n<\/p>\n<p>Pilar Bayona Sarri\u00e1<\/p>\n<p>Paloma Cela<\/p>\n<p>Marina Saura<br \/>\nMonja<\/p>\n<p>Ra\u00fal Fraire<br \/>\nFrancisco de Salcedo<\/p>\n<p>Concha Leza<\/p>\n<p>Antonio Canal<br \/>\nPadre Juli\u00e1n de \u00c1vila<\/p>\n<p>Mar\u00eda Elena Flores<\/p>\n<p>Mercedes Lezcano<\/p>\n<p>Gonzalo Abril<\/p>\n<p>Carlos Lucena<\/p>\n<p>Covadonga Cadenas<\/p>\n","protected":false},"excerpt":{"rendered":"<p>WWW.AQUITIENESLOQUEBUSCAS.COM SEALED. PRECINTADO. LEVES SE\u00d1ALES EN CART\u00d3N EXTERIOR. SLIGHT SIGNS ON OUTER CARDBOARD. IDIOMA: ESPA\u00d1OL. SUBT\u00cdTULOS: ALEM\u00c1N FRANC\u00c9S INGL\u00c9S ITALIANO PORTUGU\u00c9S. EDICI\u00d3N ESPECIAL LIMITADA V CENTENARIO: 4 DVDs CON LA SERIE DE TVE DIRIGIDA POR JOSEFINA MOLINA M\u00c1S DOS DOCUMENTALES DE FRANCISCO RODR\u00cdGUEZ. INCLUYE UN LIBRO CON UNA RECOPILACI\u00d3N DE TEXTOS DE SANTA TERESA La [&hellip;]<\/p>\n","protected":false},"featured_media":6872,"comment_status":"closed","ping_status":"closed","template":"","meta":[],"product_brand":[],"product_cat":[17,26,47],"product_tag":[],"class_list":{"0":"post-6871","1":"product","2":"type-product","3":"status-publish","4":"has-post-thumbnail","6":"product_cat-cine","7":"product_cat-dvds-cine","8":"product_cat-series","10":"first","11":"instock","12":"shipping-taxable","13":"purchasable","14":"product-type-simple"},"_links":{"self":[{"href":"https:\/\/coleccionismomusicaycine.com\/index.php?rest_route=\/wp\/v2\/product\/6871","targetHints":{"allow":["GET"]}}],"collection":[{"href":"https:\/\/coleccionismomusicaycine.com\/index.php?rest_route=\/wp\/v2\/product"}],"about":[{"href":"https:\/\/coleccionismomusicaycine.com\/index.php?rest_route=\/wp\/v2\/types\/product"}],"replies":[{"embeddable":true,"href":"https:\/\/coleccionismomusicaycine.com\/index.php?rest_route=%2Fwp%2Fv2%2Fcomments&post=6871"}],"wp:featuredmedia":[{"embeddable":true,"href":"https:\/\/coleccionismomusicaycine.com\/index.php?rest_route=\/wp\/v2\/media\/6872"}],"wp:attachment":[{"href":"https:\/\/coleccionismomusicaycine.com\/index.php?rest_route=%2Fwp%2Fv2%2Fmedia&parent=6871"}],"wp:term":[{"taxonomy":"product_brand","embeddable":true,"href":"https:\/\/coleccionismomusicaycine.com\/index.php?rest_route=%2Fwp%2Fv2%2Fproduct_brand&post=6871"},{"taxonomy":"product_cat","embeddable":true,"href":"https:\/\/coleccionismomusicaycine.com\/index.php?rest_route=%2Fwp%2Fv2%2Fproduct_cat&post=6871"},{"taxonomy":"product_tag","embeddable":true,"href":"https:\/\/coleccionismomusicaycine.com\/index.php?rest_route=%2Fwp%2Fv2%2Fproduct_tag&post=6871"}],"curies":[{"name":"wp","href":"https:\/\/api.w.org\/{rel}","templated":true}]}}