{"id":6925,"date":"2026-03-28T17:56:47","date_gmt":"2026-03-28T17:56:47","guid":{"rendered":"https:\/\/coleccionismomusicaycine.com\/?post_type=product&#038;p=6925"},"modified":"2026-03-28T17:56:47","modified_gmt":"2026-03-28T17:56:47","slug":"dvd-proyecto-rampage-dwayne-johnson-sealed-www-aquitienesloquebuscas-com-spain","status":"publish","type":"product","link":"https:\/\/coleccionismomusicaycine.com\/?product=dvd-proyecto-rampage-dwayne-johnson-sealed-www-aquitienesloquebuscas-com-spain","title":{"rendered":"DVD PROYECTO RAMPAGE DWAYNE JOHNSON SEALED WWW.AQUITIENESLOQUEBUSCAS.COM SPAIN"},"content":{"rendered":"<p>WWW.AQUITIENESLOQUEBUSCAS.COM<\/p>\n<p>SEALED. PRECINTADO.<\/p>\n<p>AUDIO: CASTELLANO<br \/>\nINGL\u00c9S & CHECO.<\/p>\n<p>REGI\u00d3N: 2.<\/p>\n<p>NACIONALIDAD: USA.<br \/>\nESTADOS UNIDOS.<\/p>\n<p>Dwayne Johnson<br \/>\nDavis Okoye<\/p>\n<p>Malin \u00c5kerman<br \/>\nClaire Wyden<\/p>\n<p>Jeffrey Dean Morgan<br \/>\nAgent Harvey Russell<\/p>\n<p>Naomie Harris<br \/>\nDr Kate Caldwell<\/p>\n<p>Jake Lacy<br \/>\nBrett Wyden<\/p>\n<p>Breanne Hill<br \/>\nAmy<\/p>\n<p>Marley Shelton<br \/>\nDr. Kerry Atkins<\/p>\n<p>Jack Quaid<br \/>\nConnor<\/p>\n<p>Matt Gerald<br \/>\nZammit<\/p>\n<p>Jason Liles<br \/>\nGeorge<\/p>\n<p>Will Yun Lee<br \/>\nAgent Park<\/p>\n<p>Demetrius Grosse<br \/>\nColonel Blake<\/p>\n<p>Suzanne Cotsakos<br \/>\nCo-Pilot<\/p>\n<p>Bruce Blackshear<br \/>\nTaylor<\/p>\n<p>Gary Weeks<br \/>\nPolice Captain<\/p>\n<p>Stephen Dunlevy<br \/>\nFirst MP<\/p>\n<p>David An<br \/>\nKaplan<\/p>\n<p>Allyssa Brooke<br \/>\nRadar Officer<\/p>\n<p>Arnold Chun<br \/>\nCommanding Officer<\/p>\n<p>Gregory Hoyt<\/p>\n<p>Mac Wells<br \/>\nCommunications Officer<\/p>\n<p>Danny Le Boyer<br \/>\nSecond MP<\/p>\n<p>Alan Boell<br \/>\nOfficer<\/p>\n<p>DJames Jones<br \/>\nCaptain Evans<\/p>\n<p>Urijah Faber<br \/>\nGarrick<\/p>\n<p>P. J. Byrne<br \/>\nNelson<\/p>\n<p>Robin Meade<br \/>\nHLN Reporter<\/p>\n<p>Adam Sztykiel<br \/>\nC-17 Pilot<\/p>\n<p>Lane Carlock<br \/>\nZoo Reporter<\/p>\n<p>Ross Philips<br \/>\nSoldier with SAT Phone<\/p>\n<p>Jessica Medina<\/p>\n<p>Matthew Ewald<\/p>\n<p>David Dunston<\/p>\n<p>Van Marten<\/p>\n<p>John Crow<br \/>\nMt. Rushmore Reporter<\/p>\n<p>Joey Thurmond<\/p>\n<p>Kimber Closson<\/p>\n<p>Shekeb Sekander<\/p>\n<p>Andrew Morgado<\/p>\n<p>Marco Vivio<\/p>\n<p>Valentina Latyna<\/p>\n<p>Jamin Thompson<br \/>\nArmy Soldier<\/p>\n<p>John Gettier<\/p>\n<p>Maria Arcega-Dunn<br \/>\nSan Diego Newscaster #2<\/p>\n<p>Aurora Karine<\/p>\n<p>Shaun McMillan<\/p>\n<p>Lex Elle<\/p>\n<p>Alessandro Ballico<\/p>\n<p>Freddy Moyano<\/p>\n","protected":false},"excerpt":{"rendered":"<p>WWW.AQUITIENESLOQUEBUSCAS.COM SEALED. PRECINTADO. AUDIO: CASTELLANO INGL\u00c9S &#038; CHECO. REGI\u00d3N: 2. NACIONALIDAD: USA. ESTADOS UNIDOS. Dwayne Johnson Davis Okoye Malin \u00c5kerman Claire Wyden Jeffrey Dean Morgan Agent Harvey Russell Naomie Harris Dr Kate Caldwell Jake Lacy Brett Wyden Breanne Hill Amy Marley Shelton Dr. Kerry Atkins Jack Quaid Connor Matt Gerald Zammit Jason Liles George Will [&hellip;]<\/p>\n","protected":false},"featured_media":6926,"comment_status":"closed","ping_status":"closed","template":"","meta":[],"product_brand":[],"product_cat":[17,26],"product_tag":[],"class_list":{"0":"post-6925","1":"product","2":"type-product","3":"status-publish","4":"has-post-thumbnail","6":"product_cat-cine","7":"product_cat-dvds-cine","9":"first","10":"instock","11":"shipping-taxable","12":"purchasable","13":"product-type-simple"},"_links":{"self":[{"href":"https:\/\/coleccionismomusicaycine.com\/index.php?rest_route=\/wp\/v2\/product\/6925","targetHints":{"allow":["GET"]}}],"collection":[{"href":"https:\/\/coleccionismomusicaycine.com\/index.php?rest_route=\/wp\/v2\/product"}],"about":[{"href":"https:\/\/coleccionismomusicaycine.com\/index.php?rest_route=\/wp\/v2\/types\/product"}],"replies":[{"embeddable":true,"href":"https:\/\/coleccionismomusicaycine.com\/index.php?rest_route=%2Fwp%2Fv2%2Fcomments&post=6925"}],"wp:featuredmedia":[{"embeddable":true,"href":"https:\/\/coleccionismomusicaycine.com\/index.php?rest_route=\/wp\/v2\/media\/6926"}],"wp:attachment":[{"href":"https:\/\/coleccionismomusicaycine.com\/index.php?rest_route=%2Fwp%2Fv2%2Fmedia&parent=6925"}],"wp:term":[{"taxonomy":"product_brand","embeddable":true,"href":"https:\/\/coleccionismomusicaycine.com\/index.php?rest_route=%2Fwp%2Fv2%2Fproduct_brand&post=6925"},{"taxonomy":"product_cat","embeddable":true,"href":"https:\/\/coleccionismomusicaycine.com\/index.php?rest_route=%2Fwp%2Fv2%2Fproduct_cat&post=6925"},{"taxonomy":"product_tag","embeddable":true,"href":"https:\/\/coleccionismomusicaycine.com\/index.php?rest_route=%2Fwp%2Fv2%2Fproduct_tag&post=6925"}],"curies":[{"name":"wp","href":"https:\/\/api.w.org\/{rel}","templated":true}]}}