{"id":6927,"date":"2026-03-28T18:15:30","date_gmt":"2026-03-28T18:15:30","guid":{"rendered":"https:\/\/coleccionismomusicaycine.com\/?post_type=product&#038;p=6927"},"modified":"2026-03-28T18:15:30","modified_gmt":"2026-03-28T18:15:30","slug":"dvd-jungle-cruise-dwayne-johnson-sealed-www-aquitienesloquebuscas-com-spain","status":"publish","type":"product","link":"https:\/\/coleccionismomusicaycine.com\/?product=dvd-jungle-cruise-dwayne-johnson-sealed-www-aquitienesloquebuscas-com-spain","title":{"rendered":"DVD JUNGLE CRUISE DWAYNE JOHNSON SEALED WWW.AQUITIENESLOQUEBUSCAS.COM SPAIN"},"content":{"rendered":"<p>WWW.AQUITIENESLOQUEBUSCAS.COM<\/p>\n<p>SEALED. PRECINTADO.<\/p>\n<p>AUDIO: ESPA\u00d1OL<br \/>\nINGL\u00c9S FRANC\u00c9S.<\/p>\n<p>SUBT\u00cdTULOS: MUCHOS IDIOMAS.<\/p>\n<p>PARA TODAS LAS REGIONES.<br \/>\nALL REGIONS.<\/p>\n<p>NACIONALIDAD: USA.<br \/>\nESTADOS UNIDOS.<\/p>\n<p>Emily Blunt<br \/>\nLily Houghton<\/p>\n<p>Dwayne Johnson<\/p>\n<p>Jack Whitehall<br \/>\nMcGregor Houghton<\/p>\n<p>Jesse Plemons<br \/>\nPrince Joachim<\/p>\n<p>\u00c9dgar Ram\u00edrez<br \/>\nAguirre<\/p>\n<p>Paul Giamatti<br \/>\nNilo Nemolato<\/p>\n<p>Ver\u00f3nica Falc\u00f3n<br \/>\nTrader Sam<\/p>\n<p>Dani Rovira<br \/>\nSancho<\/p>\n<p>Raphael Alejandro<br \/>\nZaqueu<\/p>\n<p>Philipp Maximilian<br \/>\nAxel<\/p>\n<p>Quim Guti\u00e9rrez<br \/>\nMelchor<\/p>\n<p>Andy Nyman<br \/>\nSir James Hobbs-Coddington<\/p>\n<p>Simone Lockhart<br \/>\nAnna<\/p>\n<p>Romualdo Castillo<br \/>\nAnimal Vendor<\/p>\n<p>James Quattrochi<br \/>\nItalian Tourist<\/p>\n<p>Mark Ashworth<br \/>\nSociety Member 1<\/p>\n<p>Michael H. Cole<br \/>\nBus Conductor<\/p>\n<p>Sebastian Blunt<br \/>\nSociety Guard<\/p>\n<p>Peter Luis Zimmerman<br \/>\nPuka Michuna Warrior<\/p>\n<p>Allan Poppleton<br \/>\nSociety Worker<\/p>\n<p>Keith Arthur Bolden<br \/>\nBoat Tourist<\/p>\n<p>Ilana Guralnik<br \/>\nItalian Woman<\/p>\n<p>Faith Fay<br \/>\nHotel Guest-Savannah<\/p>\n<p>Dany Garcia<\/p>\n<p>Nicholas Hernandez<br \/>\nYoung Aguirre<\/p>\n<p>Christina Souza<br \/>\nBarmaid<\/p>\n<p>Stephen Dunlevy<br \/>\nMiddlepart<\/p>\n<p>Dan Dargan Carter<br \/>\nGonzalo<\/p>\n<p>Justin Randell Brooke<br \/>\nBoat Tourist<\/p>\n<p>Emily Marie Palmer<br \/>\nFrench Woman<\/p>\n<p>Alfredo Tavares<br \/>\nGang Member<\/p>\n<p>Annika Pampel<br \/>\nGerman Woman<\/p>\n<p>Madeline Brumby<br \/>\nUpper Class Tourist<\/p>\n<p>Danny Pardo<br \/>\nCanoe Man<\/p>\n<p>John Davis<\/p>\n<p>Pedro L\u00f3pez<br \/>\nChief<\/p>\n<p>Brooke Jaye Taylor<br \/>\nBoat Tourist<\/p>\n<p>Ben Jenkin<br \/>\nProxima<\/p>\n<p>Glenn Ficarra<\/p>\n<p>James William Ballard<br \/>\nSociety Member<\/p>\n<p>Stephan Goldbach<br \/>\nSurviving Mercenary<\/p>\n<p>Piper Collins<br \/>\nBoat Tourist<\/p>\n<p>Mariama Diallo<br \/>\nMfantse Woman<\/p>\n<p>Sulem Calderon<br \/>\nChief\u2019s Daughter<\/p>\n<p>Garrett Miller<br \/>\nLecture<\/p>\n<p>Michael Cole<\/p>\n<p>Sala Baker<br \/>\nBody Guard<\/p>\n<p>David Lengel<br \/>\nBoat Tourist #1<\/p>\n<p>Victoria Blade<br \/>\nBoat Tourist<\/p>\n","protected":false},"excerpt":{"rendered":"<p>WWW.AQUITIENESLOQUEBUSCAS.COM SEALED. PRECINTADO. AUDIO: ESPA\u00d1OL INGL\u00c9S FRANC\u00c9S. SUBT\u00cdTULOS: MUCHOS IDIOMAS. PARA TODAS LAS REGIONES. ALL REGIONS. NACIONALIDAD: USA. ESTADOS UNIDOS. Emily Blunt Lily Houghton Dwayne Johnson Jack Whitehall McGregor Houghton Jesse Plemons Prince Joachim \u00c9dgar Ram\u00edrez Aguirre Paul Giamatti Nilo Nemolato Ver\u00f3nica Falc\u00f3n Trader Sam Dani Rovira Sancho Raphael Alejandro Zaqueu Philipp Maximilian Axel Quim [&hellip;]<\/p>\n","protected":false},"featured_media":6928,"comment_status":"closed","ping_status":"closed","template":"","meta":[],"product_brand":[],"product_cat":[17,26],"product_tag":[],"class_list":{"0":"post-6927","1":"product","2":"type-product","3":"status-publish","4":"has-post-thumbnail","6":"product_cat-cine","7":"product_cat-dvds-cine","9":"first","10":"instock","11":"shipping-taxable","12":"purchasable","13":"product-type-simple"},"_links":{"self":[{"href":"https:\/\/coleccionismomusicaycine.com\/index.php?rest_route=\/wp\/v2\/product\/6927","targetHints":{"allow":["GET"]}}],"collection":[{"href":"https:\/\/coleccionismomusicaycine.com\/index.php?rest_route=\/wp\/v2\/product"}],"about":[{"href":"https:\/\/coleccionismomusicaycine.com\/index.php?rest_route=\/wp\/v2\/types\/product"}],"replies":[{"embeddable":true,"href":"https:\/\/coleccionismomusicaycine.com\/index.php?rest_route=%2Fwp%2Fv2%2Fcomments&post=6927"}],"wp:featuredmedia":[{"embeddable":true,"href":"https:\/\/coleccionismomusicaycine.com\/index.php?rest_route=\/wp\/v2\/media\/6928"}],"wp:attachment":[{"href":"https:\/\/coleccionismomusicaycine.com\/index.php?rest_route=%2Fwp%2Fv2%2Fmedia&parent=6927"}],"wp:term":[{"taxonomy":"product_brand","embeddable":true,"href":"https:\/\/coleccionismomusicaycine.com\/index.php?rest_route=%2Fwp%2Fv2%2Fproduct_brand&post=6927"},{"taxonomy":"product_cat","embeddable":true,"href":"https:\/\/coleccionismomusicaycine.com\/index.php?rest_route=%2Fwp%2Fv2%2Fproduct_cat&post=6927"},{"taxonomy":"product_tag","embeddable":true,"href":"https:\/\/coleccionismomusicaycine.com\/index.php?rest_route=%2Fwp%2Fv2%2Fproduct_tag&post=6927"}],"curies":[{"name":"wp","href":"https:\/\/api.w.org\/{rel}","templated":true}]}}