{"id":6933,"date":"2026-03-28T19:04:54","date_gmt":"2026-03-28T19:04:54","guid":{"rendered":"https:\/\/coleccionismomusicaycine.com\/?post_type=product&#038;p=6933"},"modified":"2026-03-28T19:04:54","modified_gmt":"2026-03-28T19:04:54","slug":"dvd-jurado-no2-clint-eastwood-nicholas-hoult-sealed-aquitienesloquebuscas-com","status":"publish","type":"product","link":"https:\/\/coleccionismomusicaycine.com\/?product=dvd-jurado-no2-clint-eastwood-nicholas-hoult-sealed-aquitienesloquebuscas-com","title":{"rendered":"DVD JURADO N\u00ba2 CLINT EASTWOOD NICHOLAS HOULT SEALED AQUITIENESLOQUEBUSCAS.COM"},"content":{"rendered":"<p>WWW.AQUITIENESLOQUEBUSCAS.COM<\/p>\n<p>SEALED. PRECINTADO.<\/p>\n<p>AUDIO: INGL\u00c9S FRANC\u00c9S<br \/>\nY CASTELLANO ITALIANO.<\/p>\n<p>SUBT\u00cdTULOS: CASTELLANO<br \/>\nINGL\u00c9S FRANC\u00c9S ITALIANO<br \/>\nHOLAND\u00c9S.<\/p>\n<p>REGI\u00d3N 2.<\/p>\n<p>NACIONALIDAD: USA<br \/>\nESTADOS UNIDOS.<\/p>\n<p>Nicholas Hoult<br \/>\nJustin Kemp<\/p>\n<p>Zoey Deutch<br \/>\nAllison Crewson<\/p>\n<p>Toni Collette<br \/>\nFaith Killebrew<\/p>\n<p>Gabriel Basso<br \/>\nJames Michael Sythe<\/p>\n<p>Francesca Eastwood<br \/>\nKendall Carter<\/p>\n<p>Kiefer Sutherland<br \/>\nKemp\u2019s AA sponsor<\/p>\n<p>Leslie Bibb<br \/>\nDenice Aldworth<\/p>\n<p>Chris Messina<br \/>\nEric Resnick<\/p>\n<p>Amy Aquino<br \/>\nJudge Thelma Hollub<\/p>\n<p>Hedy Nasser<br \/>\nCourtney<\/p>\n<p>Drew Scheid<br \/>\nBrody<\/p>\n<p>Cedric Yarbrough<br \/>\nMarcus<\/p>\n<p>Chikako Fukuyama<\/p>\n<p>J. K. Simmons<br \/>\nHarold<\/p>\n<p>KateLynn E. Newberry<br \/>\nHideaway Bartender<\/p>\n<p>Adrienne C. Moore<br \/>\nYolanda<\/p>\n<p>Rebecca Koon<\/p>\n<p>Art Newkirk<\/p>\n<p>Rachel Walters<br \/>\nBar Woman<\/p>\n<p>Jason Coviello<br \/>\nLuke<\/p>\n<p>Scott Alan Smith<br \/>\nCustodian<\/p>\n<p>Grant L. Roberts<br \/>\nDesk Cop<\/p>\n<p>Ella Fraley<br \/>\nHostess<\/p>\n<p>Megan Mieduch<br \/>\nAllison\u2019s Friend<\/p>\n<p>Bria Brimmer<br \/>\nBailiff Wood<\/p>\n<p>Onix Janiel Serrano<br \/>\nEli<\/p>\n<p>Phil Biedron<br \/>\nVince<\/p>\n<p>Lou Bosch<br \/>\nWaiter<\/p>\n<p>Annie Cook<\/p>\n","protected":false},"excerpt":{"rendered":"<p>WWW.AQUITIENESLOQUEBUSCAS.COM SEALED. PRECINTADO. AUDIO: INGL\u00c9S FRANC\u00c9S Y CASTELLANO ITALIANO. SUBT\u00cdTULOS: CASTELLANO INGL\u00c9S FRANC\u00c9S ITALIANO HOLAND\u00c9S. REGI\u00d3N 2. NACIONALIDAD: USA ESTADOS UNIDOS. Nicholas Hoult Justin Kemp Zoey Deutch Allison Crewson Toni Collette Faith Killebrew Gabriel Basso James Michael Sythe Francesca Eastwood Kendall Carter Kiefer Sutherland Kemp\u2019s AA sponsor Leslie Bibb Denice Aldworth Chris Messina Eric Resnick [&hellip;]<\/p>\n","protected":false},"featured_media":6934,"comment_status":"closed","ping_status":"closed","template":"","meta":[],"product_brand":[],"product_cat":[17,26],"product_tag":[],"class_list":{"0":"post-6933","1":"product","2":"type-product","3":"status-publish","4":"has-post-thumbnail","6":"product_cat-cine","7":"product_cat-dvds-cine","9":"first","10":"instock","11":"shipping-taxable","12":"purchasable","13":"product-type-simple"},"_links":{"self":[{"href":"https:\/\/coleccionismomusicaycine.com\/index.php?rest_route=\/wp\/v2\/product\/6933","targetHints":{"allow":["GET"]}}],"collection":[{"href":"https:\/\/coleccionismomusicaycine.com\/index.php?rest_route=\/wp\/v2\/product"}],"about":[{"href":"https:\/\/coleccionismomusicaycine.com\/index.php?rest_route=\/wp\/v2\/types\/product"}],"replies":[{"embeddable":true,"href":"https:\/\/coleccionismomusicaycine.com\/index.php?rest_route=%2Fwp%2Fv2%2Fcomments&post=6933"}],"wp:featuredmedia":[{"embeddable":true,"href":"https:\/\/coleccionismomusicaycine.com\/index.php?rest_route=\/wp\/v2\/media\/6934"}],"wp:attachment":[{"href":"https:\/\/coleccionismomusicaycine.com\/index.php?rest_route=%2Fwp%2Fv2%2Fmedia&parent=6933"}],"wp:term":[{"taxonomy":"product_brand","embeddable":true,"href":"https:\/\/coleccionismomusicaycine.com\/index.php?rest_route=%2Fwp%2Fv2%2Fproduct_brand&post=6933"},{"taxonomy":"product_cat","embeddable":true,"href":"https:\/\/coleccionismomusicaycine.com\/index.php?rest_route=%2Fwp%2Fv2%2Fproduct_cat&post=6933"},{"taxonomy":"product_tag","embeddable":true,"href":"https:\/\/coleccionismomusicaycine.com\/index.php?rest_route=%2Fwp%2Fv2%2Fproduct_tag&post=6933"}],"curies":[{"name":"wp","href":"https:\/\/api.w.org\/{rel}","templated":true}]}}