{"id":6939,"date":"2026-03-28T19:34:14","date_gmt":"2026-03-28T19:34:14","guid":{"rendered":"https:\/\/coleccionismomusicaycine.com\/?post_type=product&#038;p=6939"},"modified":"2026-03-28T19:34:25","modified_gmt":"2026-03-28T19:34:25","slug":"6939","status":"publish","type":"product","link":"https:\/\/coleccionismomusicaycine.com\/?product=6939","title":{"rendered":"DVD BAMBI UNA VIDA EN EL BOSQUE MICHEL FESSLER SEALED AQUITIENESLOQUEBUSCAS.COM"},"content":{"rendered":"<p>WWW.AQUITIENESLOQUEBUSCAS.COM<\/p>\n<p>SEALED. PRECINTADO. <\/p>\n<p>PERO PL\u00c1STICO ROTO POR UN LATERAL PERO SIN ABRIR.<br \/>\nBUT THE PLASTIC IS BROKEN ON ONE SIDE BUT UNOPENED.<\/p>\n<p>AUDIO: V.O FRANC\u00c9S<br \/>\nCASTELLANO & CATAL\u00c1N.<\/p>\n<p>SUBT\u00cdTULOS: CASTELLANO.<\/p>\n<p>REGI\u00d3N 2.<\/p>\n<p>NACIONALIDAD: FRANCIA.<\/p>\n<p>T\u00edtulo original: Bambi, L\u2019histoire d\u2019une vie dans les boisaka<br \/>\nDirecci\u00f3n: Michel Fessler M\u00fasica: Laurent Perez del Mar<br \/>\nGuion: Michel Fessler, Laurence Buchmann, Tristan L\u2019Hermite. Libro: Felix Salten<br \/>\nFotograf\u00eda: Daniel Meyer. Distribuidora: Capella Filmver 9 m\u00e1s<br \/>\nCompa\u00f1\u00edas: C8 Films, G\u00e9b\u00e9ka Films, Kinology, MC4, Canal+, Orange Cin\u00e9ma S\u00e9ries, C8, Canal+ International, Cin\u00e9mage 18,<br \/>\nG\u00e9nero: Drama. Infantil | Animales. Cine familiar. Naturaleza<br \/>\nSinopsis: Adaptaci\u00f3n del libro \u201cBambi, la historia de una vida en el bosque\u201d de Felix Salten, la pel\u00edcula cuenta las aventuras de un joven cervatillo, rodeado de su madre y de los animales del bosque: su amigo el cuervo, el conejo, el mapache\u2026 Descubre el mundo de los \u00e1rboles y sus secretos. Cada d\u00eda, su madre lo educa para que pueda crecer fuerte. Pero cuando llega el oto\u00f1o, Bambi se aventura a la intemperie cuando los cazadores lo separan para siempre de su madre.<\/p>\n","protected":false},"excerpt":{"rendered":"<p>WWW.AQUITIENESLOQUEBUSCAS.COM SEALED. PRECINTADO. PERO PL\u00c1STICO ROTO POR UN LATERAL PERO SIN ABRIR. BUT THE PLASTIC IS BROKEN ON ONE SIDE BUT UNOPENED. AUDIO: V.O FRANC\u00c9S CASTELLANO &#038; CATAL\u00c1N. SUBT\u00cdTULOS: CASTELLANO. REGI\u00d3N 2. NACIONALIDAD: FRANCIA. T\u00edtulo original: Bambi, L\u2019histoire d\u2019une vie dans les boisaka Direcci\u00f3n: Michel Fessler M\u00fasica: Laurent Perez del Mar Guion: Michel Fessler, Laurence [&hellip;]<\/p>\n","protected":false},"featured_media":6940,"comment_status":"closed","ping_status":"closed","template":"","meta":[],"product_brand":[],"product_cat":[17,26],"product_tag":[],"class_list":{"0":"post-6939","1":"product","2":"type-product","3":"status-publish","4":"has-post-thumbnail","6":"product_cat-cine","7":"product_cat-dvds-cine","9":"first","10":"instock","11":"shipping-taxable","12":"purchasable","13":"product-type-simple"},"_links":{"self":[{"href":"https:\/\/coleccionismomusicaycine.com\/index.php?rest_route=\/wp\/v2\/product\/6939","targetHints":{"allow":["GET"]}}],"collection":[{"href":"https:\/\/coleccionismomusicaycine.com\/index.php?rest_route=\/wp\/v2\/product"}],"about":[{"href":"https:\/\/coleccionismomusicaycine.com\/index.php?rest_route=\/wp\/v2\/types\/product"}],"replies":[{"embeddable":true,"href":"https:\/\/coleccionismomusicaycine.com\/index.php?rest_route=%2Fwp%2Fv2%2Fcomments&post=6939"}],"wp:featuredmedia":[{"embeddable":true,"href":"https:\/\/coleccionismomusicaycine.com\/index.php?rest_route=\/wp\/v2\/media\/6940"}],"wp:attachment":[{"href":"https:\/\/coleccionismomusicaycine.com\/index.php?rest_route=%2Fwp%2Fv2%2Fmedia&parent=6939"}],"wp:term":[{"taxonomy":"product_brand","embeddable":true,"href":"https:\/\/coleccionismomusicaycine.com\/index.php?rest_route=%2Fwp%2Fv2%2Fproduct_brand&post=6939"},{"taxonomy":"product_cat","embeddable":true,"href":"https:\/\/coleccionismomusicaycine.com\/index.php?rest_route=%2Fwp%2Fv2%2Fproduct_cat&post=6939"},{"taxonomy":"product_tag","embeddable":true,"href":"https:\/\/coleccionismomusicaycine.com\/index.php?rest_route=%2Fwp%2Fv2%2Fproduct_tag&post=6939"}],"curies":[{"name":"wp","href":"https:\/\/api.w.org\/{rel}","templated":true}]}}