{"id":7273,"date":"2026-04-09T10:14:45","date_gmt":"2026-04-09T10:14:45","guid":{"rendered":"https:\/\/coleccionismomusicaycine.com\/?post_type=product&#038;p=7273"},"modified":"2026-04-11T20:08:52","modified_gmt":"2026-04-11T20:08:52","slug":"cd-dvd-erreway-en-concierto-www-aquitienesloquebuscas-com-almeria-spain","status":"publish","type":"product","link":"https:\/\/coleccionismomusicaycine.com\/?product=cd-dvd-erreway-en-concierto-www-aquitienesloquebuscas-com-almeria-spain","title":{"rendered":"CD + DVD ERREWAY EN CONCIERTO WWW.AQUITIENESLOQUEBUSCAS.COM ALMERIA SPAIN"},"content":{"rendered":"<p>WWW.AQUITIENESLOQUEBUSCAS.COM<\/p>\n<p>CD Y DVD CON POCAS SE\u00d1ALES DE USO<br \/>\nEN MUY BUEN ESTADO.<\/p>\n<p>CD-1\tRebelde Way<br \/>\nCD-2\tBonita De M\u00e1s<br \/>\nCD-3\tTe So\u00f1\u00e9<br \/>\nCD-4\tPerder Un Amigo<br \/>\nCD-5\tTe Dej\u00e9<br \/>\nCD-6\tVale La Pena<br \/>\nCD-7\tSweet Baby<br \/>\nCD-8\tA\u00fan Ahora<br \/>\nCD-9\tPretty Boy<br \/>\nCD-10\tInmortal<br \/>\nCD-11\tMi Vida<br \/>\nCD-12\tTiempo<br \/>\nCD-13\tNo Soy As\u00ed<br \/>\nCD-14\tSer\u00e1 Porque Te Quiero<br \/>\nCD-15\tSweet Baby<br \/>\nCD-16\tRebelde Way<br \/>\nCD-17\tResistir\u00e9<br \/>\nDVD-1\tRebelde Way<br \/>\nDVD-2\tBonita De M\u00e1s<br \/>\nDVD-3\tTe So\u00f1\u00e9<br \/>\nDVD-4\tPerder Un Amigo<br \/>\nDVD-5\tTe Dej\u00e9<br \/>\nDVD-6\tVale La Pena<br \/>\nDVD-7\tSweet Baby<br \/>\nDVD-8\tA\u00fan Ahora<br \/>\nDVD-9\tPretty Boy<br \/>\nDVD-10\tInmortal<br \/>\nDVD-11\tMi Vida<br \/>\nDVD-12\tTiempo<br \/>\nDVD-13\tNo Soy As\u00ed<br \/>\nDVD-14\tWe Will Rock You<br \/>\nDVD-15\tSer\u00e1 Porque Te Quiero<br \/>\nDVD-16\tSweet Baby<br \/>\nDVD-17\tRebelde Way<br \/>\nDVD-18\tResistir\u00e9<br \/>\nDVD-19\tSus Mejores Fotos<br \/>\nDVD-20\tDetr\u00e1s Del Escenario\t<\/p>\n","protected":false},"excerpt":{"rendered":"<p>WWW.AQUITIENESLOQUEBUSCAS.COM CD Y DVD CON POCAS SE\u00d1ALES DE USO EN MUY BUEN ESTADO. CD-1 Rebelde Way CD-2 Bonita De M\u00e1s CD-3 Te So\u00f1\u00e9 CD-4 Perder Un Amigo CD-5 Te Dej\u00e9 CD-6 Vale La Pena CD-7 Sweet Baby CD-8 A\u00fan Ahora CD-9 Pretty Boy CD-10 Inmortal CD-11 Mi Vida CD-12 Tiempo CD-13 No Soy As\u00ed CD-14 [&hellip;]<\/p>\n","protected":false},"featured_media":7204,"comment_status":"closed","ping_status":"closed","template":"","meta":[],"product_brand":[],"product_cat":[21,22,18],"product_tag":[],"class_list":{"0":"post-7273","1":"product","2":"type-product","3":"status-publish","4":"has-post-thumbnail","6":"product_cat-cds","7":"product_cat-dvds","8":"product_cat-musica","10":"first","11":"instock","12":"shipping-taxable","13":"purchasable","14":"product-type-simple"},"_links":{"self":[{"href":"https:\/\/coleccionismomusicaycine.com\/index.php?rest_route=\/wp\/v2\/product\/7273","targetHints":{"allow":["GET"]}}],"collection":[{"href":"https:\/\/coleccionismomusicaycine.com\/index.php?rest_route=\/wp\/v2\/product"}],"about":[{"href":"https:\/\/coleccionismomusicaycine.com\/index.php?rest_route=\/wp\/v2\/types\/product"}],"replies":[{"embeddable":true,"href":"https:\/\/coleccionismomusicaycine.com\/index.php?rest_route=%2Fwp%2Fv2%2Fcomments&post=7273"}],"wp:featuredmedia":[{"embeddable":true,"href":"https:\/\/coleccionismomusicaycine.com\/index.php?rest_route=\/wp\/v2\/media\/7204"}],"wp:attachment":[{"href":"https:\/\/coleccionismomusicaycine.com\/index.php?rest_route=%2Fwp%2Fv2%2Fmedia&parent=7273"}],"wp:term":[{"taxonomy":"product_brand","embeddable":true,"href":"https:\/\/coleccionismomusicaycine.com\/index.php?rest_route=%2Fwp%2Fv2%2Fproduct_brand&post=7273"},{"taxonomy":"product_cat","embeddable":true,"href":"https:\/\/coleccionismomusicaycine.com\/index.php?rest_route=%2Fwp%2Fv2%2Fproduct_cat&post=7273"},{"taxonomy":"product_tag","embeddable":true,"href":"https:\/\/coleccionismomusicaycine.com\/index.php?rest_route=%2Fwp%2Fv2%2Fproduct_tag&post=7273"}],"curies":[{"name":"wp","href":"https:\/\/api.w.org\/{rel}","templated":true}]}}