{"id":7923,"date":"2026-04-26T09:29:15","date_gmt":"2026-04-26T09:29:15","guid":{"rendered":"https:\/\/coleccionismomusicaycine.com\/?post_type=product&#038;p=7923"},"modified":"2026-04-26T11:14:47","modified_gmt":"2026-04-26T11:14:47","slug":"cd-alborada-flamenca-cosechando-exitos-15-temas-sealed-aquitienesloquebuscas-com","status":"publish","type":"product","link":"https:\/\/coleccionismomusicaycine.com\/?product=cd-alborada-flamenca-cosechando-exitos-15-temas-sealed-aquitienesloquebuscas-com","title":{"rendered":"CD ALBORADA FLAMENCA COSECHANDO \u00c9XITOS 15 TEMAS SEALED AQUITIENESLOQUEBUSCAS.COM"},"content":{"rendered":"<p>WWW.AQUITIENESLOQUEBUSCAS.COM<\/p>\n<p>SEALED. PRECINTADO.<\/p>\n<p>1\tAlborada<br \/>\n2\tBadajoz Es Mi Tierra<br \/>\n3\tEns\u00e9\u00f1ame<br \/>\n4\tVivimos Cristicando<br \/>\n5\tLo Primero Mis Nietos<br \/>\n6\tEn Mi Mente<br \/>\n7\tLa Vida Pasa<br \/>\n8\tCuando Ya No Pueda<br \/>\n9\tD\u00f3nde Est\u00e1 Mi Padre<br \/>\n10\tQue No Me Falte<br \/>\n11\tLas Vueltas Que Da la Vida<br \/>\n12\tAunque Est\u00e9s Conmigo<br \/>\n13\tDale Besos Con Cari\u00f1o<br \/>\n14\tSoy Extreme\u00f1o y Lo Sabe<br \/>\n15\tVaya Una Colla de Amigos<\/p>\n","protected":false},"excerpt":{"rendered":"<p>WWW.AQUITIENESLOQUEBUSCAS.COM SEALED. PRECINTADO. 1 Alborada 2 Badajoz Es Mi Tierra 3 Ens\u00e9\u00f1ame 4 Vivimos Cristicando 5 Lo Primero Mis Nietos 6 En Mi Mente 7 La Vida Pasa 8 Cuando Ya No Pueda 9 D\u00f3nde Est\u00e1 Mi Padre 10 Que No Me Falte 11 Las Vueltas Que Da la Vida 12 Aunque Est\u00e9s Conmigo 13 [&hellip;]<\/p>\n","protected":false},"featured_media":7924,"comment_status":"closed","ping_status":"closed","template":"","meta":[],"product_brand":[],"product_cat":[21,18],"product_tag":[],"class_list":{"0":"post-7923","1":"product","2":"type-product","3":"status-publish","4":"has-post-thumbnail","6":"product_cat-cds","7":"product_cat-musica","9":"first","10":"instock","11":"shipping-taxable","12":"purchasable","13":"product-type-simple"},"_links":{"self":[{"href":"https:\/\/coleccionismomusicaycine.com\/index.php?rest_route=\/wp\/v2\/product\/7923","targetHints":{"allow":["GET"]}}],"collection":[{"href":"https:\/\/coleccionismomusicaycine.com\/index.php?rest_route=\/wp\/v2\/product"}],"about":[{"href":"https:\/\/coleccionismomusicaycine.com\/index.php?rest_route=\/wp\/v2\/types\/product"}],"replies":[{"embeddable":true,"href":"https:\/\/coleccionismomusicaycine.com\/index.php?rest_route=%2Fwp%2Fv2%2Fcomments&post=7923"}],"wp:featuredmedia":[{"embeddable":true,"href":"https:\/\/coleccionismomusicaycine.com\/index.php?rest_route=\/wp\/v2\/media\/7924"}],"wp:attachment":[{"href":"https:\/\/coleccionismomusicaycine.com\/index.php?rest_route=%2Fwp%2Fv2%2Fmedia&parent=7923"}],"wp:term":[{"taxonomy":"product_brand","embeddable":true,"href":"https:\/\/coleccionismomusicaycine.com\/index.php?rest_route=%2Fwp%2Fv2%2Fproduct_brand&post=7923"},{"taxonomy":"product_cat","embeddable":true,"href":"https:\/\/coleccionismomusicaycine.com\/index.php?rest_route=%2Fwp%2Fv2%2Fproduct_cat&post=7923"},{"taxonomy":"product_tag","embeddable":true,"href":"https:\/\/coleccionismomusicaycine.com\/index.php?rest_route=%2Fwp%2Fv2%2Fproduct_tag&post=7923"}],"curies":[{"name":"wp","href":"https:\/\/api.w.org\/{rel}","templated":true}]}}