{"id":8147,"date":"2026-05-06T12:04:01","date_gmt":"2026-05-06T12:04:01","guid":{"rendered":"https:\/\/coleccionismomusicaycine.com\/?post_type=product&#038;p=8147"},"modified":"2026-05-06T12:04:23","modified_gmt":"2026-05-06T12:04:23","slug":"8147","status":"publish","type":"product","link":"https:\/\/coleccionismomusicaycine.com\/?product=8147","title":{"rendered":"CD ROKO 3 2 1 CON 11 TEMAS CD LIKE NEW AQUITIENESLOQUEBUSCAS.COM ALMERIA SPAIN"},"content":{"rendered":"<p>WWW.AQUITIENESLOQUEBUSCAS.COM<\/p>\n<p>CD COMO NUEVO.<br \/>\nCAJA CON POCAS SE\u00d1ALES<\/p>\n<p>CD LIKE NEW.<br \/>\nBOX WITH MINOR SIGNS OF WEAR.<\/p>\n<p>1\t\tAs\u00ed De Bien<br \/>\n2\t\tLuz<br \/>\n3\t\tLa Ciudad<br \/>\n4\t\tLib\u00e9rame<br \/>\n5\t\tA T\u00edtulo Pasado<br \/>\n6\t\tT\u00f3mate Un Respiro<br \/>\n7\t\tNadie Como T\u00fa<br \/>\n8\t\tHerida<br \/>\n9\t\tNo Voy A Esperar<br \/>\n10\t\tSeamos Infinitos<br \/>\nFIN\t\tFlores Negras<\/p>\n<p>Roko, es una cantante, compositora y actriz andaluza, trabaja con Antonio Ferrara, colaborador de Carlos Jean.<\/p>\n<p>Su primera actuaci\u00f3n lleg\u00f3 a los catorce a\u00f1os en una gala ben\u00e9fica para UNICEF. Comenz\u00f3 a trabajar cada vez m\u00e1s continuamente con su amigo y productor Antonio Ferrara, participando como corista y entrenadora vocal en diferentes producciones para Sony Music, Pep\u2019s Records y Diferenza Music entre otros y creando su primera formaci\u00f3n musical Saudade Chill, con la que tuvo la oportunidad de hacer una gira durante 3 a\u00f1os y grabar su primer \u00e1lbum con el mismo nombre.<\/p>\n<p>Compuso un tema con Ferrara para el \u00e1lbum \u00abVive\u00bb de Mal\u00fa, llamado In\u00fatilmente.En 2011 se licencia en la Escuela Superior de Arte Dram\u00e1tico de M\u00e1laga \u00abAntonio Banderas\u00bb. Durante sus primeros a\u00f1os de carrera particip\u00f3 en diversas obras musicales como Nine y Bad Girl, entre otras. Ha trabajado en diferentes compa\u00f1\u00edas teatrales como Teatro L\u00edrico Andaluz, La Pulga Teatro y en producciones conjuntas de La Perrera y La Caldera teatro.<\/p>\n<p>Particip\u00f3 en los concursos televisivos El n\u00famero uno, en el que qued\u00f3 2.\u00aa, y Tu cara me suena, en el que gan\u00f3 la segunda edici\u00f3n. Ha ido invitada a las posteriores ediciones del concurso. Tambi\u00e9n colabor\u00f3 en Tu cara me suena mini amadrinando a Carla, una de las concursantes infantiles con la que compart\u00eda actuaciones.<\/p>\n<p>Entre 2013 y 2014 particip\u00f3 en la serie musical de Antena 3 Vive cantando. <\/p>\n<p>Sus primeras incursiones en el cine llegan como actriz de doblaje en los largometrajes de animaci\u00f3n \u00abMe\u00f1ique\u00bb y \u00abJack y la mec\u00e1nica del coraz\u00f3n\u00bb. Posteriormente participa en \u00abEl Principito\u00bb donde pone voz a la versi\u00f3n en castellano de su tema principal (S\u00edgueme) y en \u00abSin Rodeos\u00bb de Santiago Segura, tambi\u00e9n en su banda sonora.<\/p>\n<p>En teatro musical ha protagonizado \u00abLa gatita blanca\u00bb en el Teatro de la Zarzuela de Madrid, \u00abNine\u00bb en el papel de Luisa Contini en el Teatro Amaya de Madrid y, desde 2019, en la exitosa gira nacional de La llamada en la que interpreta a la hermana Milagros.<\/p>\n<p>En 2020, durante el confinamiento, grab\u00f3 una versi\u00f3n de la canci\u00f3n \u00abYou are my sunshine\u00bb con la banda Potato Head Jazz Band. En 2025 y junto al cantante y compositor Jes\u00fas Bienvenido canta el tema La habanera de la m\u00e1scara, que forma parte de la banda sonora del documental Lorca en La Habana.<\/p>\n","protected":false},"excerpt":{"rendered":"<p>WWW.AQUITIENESLOQUEBUSCAS.COM CD COMO NUEVO. CAJA CON POCAS SE\u00d1ALES CD LIKE NEW. BOX WITH MINOR SIGNS OF WEAR. 1 As\u00ed De Bien 2 Luz 3 La Ciudad 4 Lib\u00e9rame 5 A T\u00edtulo Pasado 6 T\u00f3mate Un Respiro 7 Nadie Como T\u00fa 8 Herida 9 No Voy A Esperar 10 Seamos Infinitos FIN Flores Negras Roko, es [&hellip;]<\/p>\n","protected":false},"featured_media":8146,"comment_status":"closed","ping_status":"closed","template":"","meta":[],"product_brand":[],"product_cat":[21,18],"product_tag":[],"class_list":{"0":"post-8147","1":"product","2":"type-product","3":"status-publish","4":"has-post-thumbnail","6":"product_cat-cds","7":"product_cat-musica","9":"first","10":"instock","11":"shipping-taxable","12":"purchasable","13":"product-type-simple"},"_links":{"self":[{"href":"https:\/\/coleccionismomusicaycine.com\/index.php?rest_route=\/wp\/v2\/product\/8147","targetHints":{"allow":["GET"]}}],"collection":[{"href":"https:\/\/coleccionismomusicaycine.com\/index.php?rest_route=\/wp\/v2\/product"}],"about":[{"href":"https:\/\/coleccionismomusicaycine.com\/index.php?rest_route=\/wp\/v2\/types\/product"}],"replies":[{"embeddable":true,"href":"https:\/\/coleccionismomusicaycine.com\/index.php?rest_route=%2Fwp%2Fv2%2Fcomments&post=8147"}],"wp:featuredmedia":[{"embeddable":true,"href":"https:\/\/coleccionismomusicaycine.com\/index.php?rest_route=\/wp\/v2\/media\/8146"}],"wp:attachment":[{"href":"https:\/\/coleccionismomusicaycine.com\/index.php?rest_route=%2Fwp%2Fv2%2Fmedia&parent=8147"}],"wp:term":[{"taxonomy":"product_brand","embeddable":true,"href":"https:\/\/coleccionismomusicaycine.com\/index.php?rest_route=%2Fwp%2Fv2%2Fproduct_brand&post=8147"},{"taxonomy":"product_cat","embeddable":true,"href":"https:\/\/coleccionismomusicaycine.com\/index.php?rest_route=%2Fwp%2Fv2%2Fproduct_cat&post=8147"},{"taxonomy":"product_tag","embeddable":true,"href":"https:\/\/coleccionismomusicaycine.com\/index.php?rest_route=%2Fwp%2Fv2%2Fproduct_tag&post=8147"}],"curies":[{"name":"wp","href":"https:\/\/api.w.org\/{rel}","templated":true}]}}