{"id":8233,"date":"2026-05-11T20:25:23","date_gmt":"2026-05-11T20:25:23","guid":{"rendered":"https:\/\/coleccionismomusicaycine.com\/?post_type=product&#038;p=8233"},"modified":"2026-05-11T20:25:23","modified_gmt":"2026-05-11T20:25:23","slug":"cd-dvd-manuel-carrasco-tercera-parada-sealed-aquitienesloquebuscas-com-almeria","status":"publish","type":"product","link":"https:\/\/coleccionismomusicaycine.com\/?product=cd-dvd-manuel-carrasco-tercera-parada-sealed-aquitienesloquebuscas-com-almeria","title":{"rendered":"CD + DVD MANUEL CARRASCO TERCERA PARADA SEALED AQUITIENESLOQUEBUSCAS.COM ALMERIA"},"content":{"rendered":"<p>WWW.AQUITIENESLOQUEBUSCAS.COM<\/p>\n<p>SEALED. PRECINTADO.<\/p>\n<p>CD-01\tBusco Por Las Calles\t4:38<br \/>\nCD-02\tMe Sabe A Poco\t4:06<br \/>\nCD-03\tY Ahora\t4:14<br \/>\nCD-04\tMe Acostumbr\u00e9 A Quererte\t4:20<br \/>\nCD-05\tEscaparme A Tu Balc\u00f3n\t4:00<br \/>\nCD-06\tS\u00e1lvame De Ti\t3:18<br \/>\nCD-07\tDime Qu\u00e9 Te Pasa\t4:36<br \/>\nCD-08\tCari\u00f1o Esp\u00e9rame\t4:09<br \/>\nCD-09\tTan S\u00f3lo T\u00fa\t4:05<br \/>\nCD-10\tTe Vas Con Ella\t4:27<br \/>\nCD-11\t\u00c1mame Otra Vez\t4:26<br \/>\nCD-12\tCalle Sur\t3:44<br \/>\nCD-13\tA Veces Te Imagino\t4:10<br \/>\nBonus Track:<br \/>\nCD-14\tD\u00e9jame Que Sea\t4:51<\/p>\n<p>DVD-1\tAs\u00ed Se Grab\u00f3 \u00abTercera Parada\u00bb\t24:15<br \/>\nDVD-2\tVideoclip: Y Ahora\t4:11<br \/>\nDVD-3\tVideoclip: Making Of Y Ahora\t4:13<br \/>\nDVD-4\tMaking Of: Sesi\u00f3n De Fotos\t0:55<\/p>\n","protected":false},"excerpt":{"rendered":"<p>WWW.AQUITIENESLOQUEBUSCAS.COM SEALED. PRECINTADO. CD-01 Busco Por Las Calles 4:38 CD-02 Me Sabe A Poco 4:06 CD-03 Y Ahora 4:14 CD-04 Me Acostumbr\u00e9 A Quererte 4:20 CD-05 Escaparme A Tu Balc\u00f3n 4:00 CD-06 S\u00e1lvame De Ti 3:18 CD-07 Dime Qu\u00e9 Te Pasa 4:36 CD-08 Cari\u00f1o Esp\u00e9rame 4:09 CD-09 Tan S\u00f3lo T\u00fa 4:05 CD-10 Te Vas Con [&hellip;]<\/p>\n","protected":false},"featured_media":8234,"comment_status":"closed","ping_status":"closed","template":"","meta":[],"product_brand":[],"product_cat":[21,18],"product_tag":[],"class_list":{"0":"post-8233","1":"product","2":"type-product","3":"status-publish","4":"has-post-thumbnail","6":"product_cat-cds","7":"product_cat-musica","9":"first","10":"instock","11":"shipping-taxable","12":"purchasable","13":"product-type-simple"},"_links":{"self":[{"href":"https:\/\/coleccionismomusicaycine.com\/index.php?rest_route=\/wp\/v2\/product\/8233","targetHints":{"allow":["GET"]}}],"collection":[{"href":"https:\/\/coleccionismomusicaycine.com\/index.php?rest_route=\/wp\/v2\/product"}],"about":[{"href":"https:\/\/coleccionismomusicaycine.com\/index.php?rest_route=\/wp\/v2\/types\/product"}],"replies":[{"embeddable":true,"href":"https:\/\/coleccionismomusicaycine.com\/index.php?rest_route=%2Fwp%2Fv2%2Fcomments&post=8233"}],"wp:featuredmedia":[{"embeddable":true,"href":"https:\/\/coleccionismomusicaycine.com\/index.php?rest_route=\/wp\/v2\/media\/8234"}],"wp:attachment":[{"href":"https:\/\/coleccionismomusicaycine.com\/index.php?rest_route=%2Fwp%2Fv2%2Fmedia&parent=8233"}],"wp:term":[{"taxonomy":"product_brand","embeddable":true,"href":"https:\/\/coleccionismomusicaycine.com\/index.php?rest_route=%2Fwp%2Fv2%2Fproduct_brand&post=8233"},{"taxonomy":"product_cat","embeddable":true,"href":"https:\/\/coleccionismomusicaycine.com\/index.php?rest_route=%2Fwp%2Fv2%2Fproduct_cat&post=8233"},{"taxonomy":"product_tag","embeddable":true,"href":"https:\/\/coleccionismomusicaycine.com\/index.php?rest_route=%2Fwp%2Fv2%2Fproduct_tag&post=8233"}],"curies":[{"name":"wp","href":"https:\/\/api.w.org\/{rel}","templated":true}]}}