{"id":835,"date":"2024-08-31T18:13:42","date_gmt":"2024-08-31T18:13:42","guid":{"rendered":"https:\/\/coleccionismomusicaycine.com\/?post_type=product&#038;p=835"},"modified":"2026-04-02T13:22:31","modified_gmt":"2026-04-02T13:22:31","slug":"serie-completa-dvd-las-aventuras-de-flash-gordon-aquitienesloquebuscas-com","status":"publish","type":"product","link":"https:\/\/coleccionismomusicaycine.com\/?product=serie-completa-dvd-las-aventuras-de-flash-gordon-aquitienesloquebuscas-com","title":{"rendered":"SERIE COMPLETA DVD LAS AVENTURAS DE FLASH GORDON NEAR MINT AQUITIENESLOQUEBUSCAS.COM"},"content":{"rendered":"<p>WWW.AQUITIENESLOQUEBUSCAS.COM<\/p>\n<p>CASI COMO NUEVO. NEAR MINT.<\/p>\n<p>LA IMAGEN ES SOLO RELEVANTE DEL ART\u00cdCULO.<br \/>\nDISCOS COMO NUEVOS O CASI COMO NUEVOS<br \/>\nLEVES SE\u00d1ALES EN CART\u00d3N.<\/p>\n<p>IDIOMAS: ESPA\u00d1OL & INGL\u00c9S.<\/p>\n<p>PARA TODAS LAS REGIONES.<br \/>\nALL REGIONS.<\/p>\n<p>Robert Ridgely<br \/>\nFlash Gordon<\/p>\n<p>Melendy Britt<br \/>\nPrincesa Aura<\/p>\n<p>Diane Pershing<br \/>\nDale Arden<\/p>\n<p>Allan Melvin<br \/>\nRoi Vultan<\/p>\n<p>Alan Oppenheimer<br \/>\nHans Zarkov<\/p>\n<p>Lou Scheimer<br \/>\nNarrateur<\/p>\n<p>Vic Perrin<\/p>\n","protected":false},"excerpt":{"rendered":"<p>WWW.AQUITIENESLOQUEBUSCAS.COM CASI COMO NUEVO. NEAR MINT. LA IMAGEN ES SOLO RELEVANTE DEL ART\u00cdCULO. DISCOS COMO NUEVOS O CASI COMO NUEVOS LEVES SE\u00d1ALES EN CART\u00d3N. IDIOMAS: ESPA\u00d1OL &#038; INGL\u00c9S. PARA TODAS LAS REGIONES. ALL REGIONS. Robert Ridgely Flash Gordon Melendy Britt Princesa Aura Diane Pershing Dale Arden Allan Melvin Roi Vultan Alan Oppenheimer Hans Zarkov Lou [&hellip;]<\/p>\n","protected":false},"featured_media":836,"comment_status":"closed","ping_status":"closed","template":"","meta":[],"product_brand":[],"product_cat":[17,26,47],"product_tag":[],"class_list":{"0":"post-835","1":"product","2":"type-product","3":"status-publish","4":"has-post-thumbnail","6":"product_cat-cine","7":"product_cat-dvds-cine","8":"product_cat-series","10":"first","11":"instock","12":"shipping-taxable","13":"purchasable","14":"product-type-simple"},"_links":{"self":[{"href":"https:\/\/coleccionismomusicaycine.com\/index.php?rest_route=\/wp\/v2\/product\/835","targetHints":{"allow":["GET"]}}],"collection":[{"href":"https:\/\/coleccionismomusicaycine.com\/index.php?rest_route=\/wp\/v2\/product"}],"about":[{"href":"https:\/\/coleccionismomusicaycine.com\/index.php?rest_route=\/wp\/v2\/types\/product"}],"replies":[{"embeddable":true,"href":"https:\/\/coleccionismomusicaycine.com\/index.php?rest_route=%2Fwp%2Fv2%2Fcomments&post=835"}],"wp:featuredmedia":[{"embeddable":true,"href":"https:\/\/coleccionismomusicaycine.com\/index.php?rest_route=\/wp\/v2\/media\/836"}],"wp:attachment":[{"href":"https:\/\/coleccionismomusicaycine.com\/index.php?rest_route=%2Fwp%2Fv2%2Fmedia&parent=835"}],"wp:term":[{"taxonomy":"product_brand","embeddable":true,"href":"https:\/\/coleccionismomusicaycine.com\/index.php?rest_route=%2Fwp%2Fv2%2Fproduct_brand&post=835"},{"taxonomy":"product_cat","embeddable":true,"href":"https:\/\/coleccionismomusicaycine.com\/index.php?rest_route=%2Fwp%2Fv2%2Fproduct_cat&post=835"},{"taxonomy":"product_tag","embeddable":true,"href":"https:\/\/coleccionismomusicaycine.com\/index.php?rest_route=%2Fwp%2Fv2%2Fproduct_tag&post=835"}],"curies":[{"name":"wp","href":"https:\/\/api.w.org\/{rel}","templated":true}]}}